{"id":21295,"date":"2016-11-25T11:19:26","date_gmt":"2016-11-25T11:19:26","guid":{"rendered":"https:\/\/tablaolaherreria.com\/ca\/videos-la-herreria\/"},"modified":"2026-02-17T23:43:22","modified_gmt":"2026-02-17T22:43:22","slug":"videos-la-herreria","status":"publish","type":"page","link":"https:\/\/tablaolaherreria.com\/ca\/videos-la-herreria\/","title":{"rendered":"V\u00eddeos"},"content":{"rendered":"<p>[vc_row][vc_column width=&#8221;1\/2&#8243;]<div class=\"video-embed  wpb_content_element\"><iframe title=\"Compa\u00f1\u00eda La Herrer\u00eda\" width=\"1161\" height=\"653\" src=\"https:\/\/www.youtube.com\/embed\/vRaMnAfRk-0?feature=oembed\" frameborder=\"0\" allow=\"accelerometer; autoplay; clipboard-write; encrypted-media; gyroscope; picture-in-picture; web-share\" referrerpolicy=\"strict-origin-when-cross-origin\" allowfullscreen><\/iframe><\/div>[\/vc_column][vc_column width=&#8221;1\/2&#8243;]<div class=\"video-embed  wpb_content_element\"><iframe title=\"Marina Bautista\" width=\"1161\" height=\"653\" src=\"https:\/\/www.youtube.com\/embed\/yxFNW88qDVQ?feature=oembed\" frameborder=\"0\" allow=\"accelerometer; autoplay; clipboard-write; encrypted-media; gyroscope; picture-in-picture; web-share\" referrerpolicy=\"strict-origin-when-cross-origin\" allowfullscreen><\/iframe><\/div>[\/vc_column][\/vc_row][vc_row][vc_column width=&#8221;1\/1&#8243;]<div class=\"spacer\" style=\"height: 40px;\"><\/div>[\/vc_column][\/vc_row][vc_row][vc_column width=&#8221;1\/2&#8243;]<div class=\"video-embed  wpb_content_element\"><iframe title=\"Tablao Flamenco La Herrer\u00eda\" width=\"1161\" height=\"653\" src=\"https:\/\/www.youtube.com\/embed\/x9CN5TVAWNI?feature=oembed\" frameborder=\"0\" allow=\"accelerometer; autoplay; clipboard-write; encrypted-media; gyroscope; picture-in-picture; web-share\" referrerpolicy=\"strict-origin-when-cross-origin\" allowfullscreen><\/iframe><\/div>[\/vc_column][vc_column width=&#8221;1\/2&#8243;]<div class=\"video-embed  wpb_content_element\"><iframe title=\"Tablao Flamenco La Herrer\u00eda\" width=\"1161\" height=\"653\" src=\"https:\/\/www.youtube.com\/embed\/eoy-55mhm_g?feature=oembed\" frameborder=\"0\" allow=\"accelerometer; autoplay; clipboard-write; encrypted-media; gyroscope; picture-in-picture; web-share\" referrerpolicy=\"strict-origin-when-cross-origin\" allowfullscreen><\/iframe><\/div>[\/vc_column][\/vc_row][vc_row][vc_column width=&#8221;1\/1&#8243;]<div class=\"divider divider1\" style='margin:60px 0 60px 0 !important;'><\/div>[vc_raw_html]JTNDJTIxLS0lMjBFbGZzaWdodCUyMEdvb2dsZSUyMFJldmlld3MlMjAlN0MlMjBVbnRpdGxlZCUyMEdvb2dsZSUyMFJldmlld3MlMjAtLSUzRSUwQSUzQ3NjcmlwdCUyMHNyYyUzRCUyMmh0dHBzJTNBJTJGJTJGZWxmc2lnaHRjZG4uY29tJTJGcGxhdGZvcm0uanMlMjIlMjBhc3luYyUzRSUzQyUyRnNjcmlwdCUzRSUwQSUzQ2RpdiUyMGNsYXNzJTNEJTIyZWxmc2lnaHQtYXBwLWE2OWYyZTk0LTdjM2EtNDJiMS04YjdhLTY1ZTdkODYxYTJmMCUyMiUyMGRhdGEtZWxmc2lnaHQtYXBwLWxhenklM0UlM0MlMkZkaXYlM0U=[\/vc_raw_html][\/vc_column][\/vc_row][vc_row][vc_column width=&#8221;1\/1&#8243;][\/vc_column][\/vc_row]<\/p>\n","protected":false},"excerpt":{"rendered":"<p>[vc_row][vc_column width=&#8221;1\/2&#8243;][\/vc_column][vc_column width=&#8221;1\/2&#8243;][\/vc_column][\/vc_row][vc_row][vc_column width=&#8221;1\/1&#8243;][\/vc_column][\/vc_row][vc_row][vc_column width=&#8221;1\/2&#8243;][\/vc_column][vc_column width=&#8221;1\/2&#8243;][\/vc_column][\/vc_row][vc_row][vc_column width=&#8221;1\/1&#8243;][vc_raw_html]JTNDJTIxLS0lMjBFbGZzaWdodCUyMEdvb2dsZSUyMFJldmlld3MlMjAlN0MlMjBVbnRpdGxlZCUyMEdvb2dsZSUyMFJldmlld3MlMjAtLSUzRSUwQSUzQ3NjcmlwdCUyMHNyYyUzRCUyMmh0dHBzJTNBJTJGJTJGZWxmc2lnaHRjZG4uY29tJTJGcGxhdGZvcm0uanMlMjIlMjBhc3luYyUzRSUzQyUyRnNjcmlwdCUzRSUwQSUzQ2RpdiUyMGNsYXNzJTNEJTIyZWxmc2lnaHQtYXBwLWE2OWYyZTk0LTdjM2EtNDJiMS04YjdhLTY1ZTdkODYxYTJmMCUyMiUyMGRhdGEtZWxmc2lnaHQtYXBwLWxhenklM0UlM0MlMkZkaXYlM0U=[\/vc_raw_html][\/vc_column][\/vc_row][vc_row][vc_column width=&#8221;1\/1&#8243;][\/vc_column][\/vc_row]<\/p>\n","protected":false},"author":158,"featured_media":0,"parent":0,"menu_order":0,"comment_status":"closed","ping_status":"closed","template":"","meta":[],"yoast_head":"<!-- This site is optimized with the Yoast SEO plugin v18.2 - https:\/\/yoast.com\/wordpress\/plugins\/seo\/ -->\n<meta name=\"description\" content=\"Videos La Herrer\u00eda. Difruta de nuestro selecci\u00f3n de v\u00eddeos, los espect\u00e1culos con los mejores artistas que han pisado nuestro tablao.\" \/>\n<meta name=\"robots\" content=\"index, follow, max-snippet:-1, max-image-preview:large, max-video-preview:-1\" \/>\n<link rel=\"canonical\" href=\"https:\/\/tablaolaherreria.com\/ca\/videos-la-herreria\/\" \/>\n<meta property=\"og:locale\" content=\"ca_ES\" \/>\n<meta property=\"og:type\" content=\"article\" \/>\n<meta property=\"og:title\" content=\"V\u00eddeos - La Herrer\u00eda Tablao flamenco\" \/>\n<meta property=\"og:description\" content=\"Videos La Herrer\u00eda. Difruta de nuestro selecci\u00f3n de v\u00eddeos, los espect\u00e1culos con los mejores artistas que han pisado nuestro tablao.\" \/>\n<meta property=\"og:url\" content=\"https:\/\/tablaolaherreria.com\/ca\/videos-la-herreria\/\" \/>\n<meta property=\"og:site_name\" content=\"La Herrer\u00eda Tablao flamenco\" \/>\n<meta property=\"article:modified_time\" content=\"2026-02-17T22:43:22+00:00\" \/>\n<meta name=\"twitter:card\" content=\"summary\" \/>\n<meta name=\"twitter:label1\" content=\"Est. reading time\" \/>\n\t<meta name=\"twitter:data1\" content=\"1 minute\" \/>\n<script type=\"application\/ld+json\" class=\"yoast-schema-graph\">{\"@context\":\"https:\/\/schema.org\",\"@graph\":[{\"@type\":\"Organization\",\"@id\":\"https:\/\/tablaolaherreria.com\/#organization\",\"name\":\"La Herrer\u00eda\",\"url\":\"https:\/\/tablaolaherreria.com\/\",\"sameAs\":[],\"logo\":{\"@type\":\"ImageObject\",\"@id\":\"https:\/\/tablaolaherreria.com\/#logo\",\"inLanguage\":\"ca\",\"url\":\"https:\/\/tablaolaherreria.com\/wp-content\/uploads\/2016\/06\/Logo-copy-1.png\",\"contentUrl\":\"https:\/\/tablaolaherreria.com\/wp-content\/uploads\/2016\/06\/Logo-copy-1.png\",\"width\":800,\"height\":272,\"caption\":\"La Herrer\u00eda\"},\"image\":{\"@id\":\"https:\/\/tablaolaherreria.com\/#logo\"}},{\"@type\":\"WebSite\",\"@id\":\"https:\/\/tablaolaherreria.com\/#website\",\"url\":\"https:\/\/tablaolaherreria.com\/\",\"name\":\"La Herrer\u00eda Tablao flamenco\",\"description\":\"Tablao Flamenco Tarragona\",\"publisher\":{\"@id\":\"https:\/\/tablaolaherreria.com\/#organization\"},\"potentialAction\":[{\"@type\":\"SearchAction\",\"target\":{\"@type\":\"EntryPoint\",\"urlTemplate\":\"https:\/\/tablaolaherreria.com\/?s={search_term_string}\"},\"query-input\":\"required name=search_term_string\"}],\"inLanguage\":\"ca\"},{\"@type\":\"WebPage\",\"@id\":\"https:\/\/tablaolaherreria.com\/ca\/videos-la-herreria\/#webpage\",\"url\":\"https:\/\/tablaolaherreria.com\/ca\/videos-la-herreria\/\",\"name\":\"V\u00eddeos - La Herrer\u00eda Tablao flamenco\",\"isPartOf\":{\"@id\":\"https:\/\/tablaolaherreria.com\/#website\"},\"datePublished\":\"2016-11-25T11:19:26+00:00\",\"dateModified\":\"2026-02-17T22:43:22+00:00\",\"description\":\"Videos La Herrer\u00eda. Difruta de nuestro selecci\u00f3n de v\u00eddeos, los espect\u00e1culos con los mejores artistas que han pisado nuestro tablao.\",\"breadcrumb\":{\"@id\":\"https:\/\/tablaolaherreria.com\/ca\/videos-la-herreria\/#breadcrumb\"},\"inLanguage\":\"ca\",\"potentialAction\":[{\"@type\":\"ReadAction\",\"target\":[\"https:\/\/tablaolaherreria.com\/ca\/videos-la-herreria\/\"]}]},{\"@type\":\"BreadcrumbList\",\"@id\":\"https:\/\/tablaolaherreria.com\/ca\/videos-la-herreria\/#breadcrumb\",\"itemListElement\":[{\"@type\":\"ListItem\",\"position\":1,\"name\":\"Portada\",\"item\":\"https:\/\/tablaolaherreria.com\/ca\/\"},{\"@type\":\"ListItem\",\"position\":2,\"name\":\"V\u00eddeos\"}]}]}<\/script>\n<!-- \/ Yoast SEO plugin. -->","yoast_head_json":{"description":"Videos La Herrer\u00eda. Difruta de nuestro selecci\u00f3n de v\u00eddeos, los espect\u00e1culos con los mejores artistas que han pisado nuestro tablao.","robots":{"index":"index","follow":"follow","max-snippet":"max-snippet:-1","max-image-preview":"max-image-preview:large","max-video-preview":"max-video-preview:-1"},"canonical":"https:\/\/tablaolaherreria.com\/ca\/videos-la-herreria\/","og_locale":"ca_ES","og_type":"article","og_title":"V\u00eddeos - La Herrer\u00eda Tablao flamenco","og_description":"Videos La Herrer\u00eda. Difruta de nuestro selecci\u00f3n de v\u00eddeos, los espect\u00e1culos con los mejores artistas que han pisado nuestro tablao.","og_url":"https:\/\/tablaolaherreria.com\/ca\/videos-la-herreria\/","og_site_name":"La Herrer\u00eda Tablao flamenco","article_modified_time":"2026-02-17T22:43:22+00:00","twitter_card":"summary","twitter_misc":{"Est. reading time":"1 minute"},"schema":{"@context":"https:\/\/schema.org","@graph":[{"@type":"Organization","@id":"https:\/\/tablaolaherreria.com\/#organization","name":"La Herrer\u00eda","url":"https:\/\/tablaolaherreria.com\/","sameAs":[],"logo":{"@type":"ImageObject","@id":"https:\/\/tablaolaherreria.com\/#logo","inLanguage":"ca","url":"https:\/\/tablaolaherreria.com\/wp-content\/uploads\/2016\/06\/Logo-copy-1.png","contentUrl":"https:\/\/tablaolaherreria.com\/wp-content\/uploads\/2016\/06\/Logo-copy-1.png","width":800,"height":272,"caption":"La Herrer\u00eda"},"image":{"@id":"https:\/\/tablaolaherreria.com\/#logo"}},{"@type":"WebSite","@id":"https:\/\/tablaolaherreria.com\/#website","url":"https:\/\/tablaolaherreria.com\/","name":"La Herrer\u00eda Tablao flamenco","description":"Tablao Flamenco Tarragona","publisher":{"@id":"https:\/\/tablaolaherreria.com\/#organization"},"potentialAction":[{"@type":"SearchAction","target":{"@type":"EntryPoint","urlTemplate":"https:\/\/tablaolaherreria.com\/?s={search_term_string}"},"query-input":"required name=search_term_string"}],"inLanguage":"ca"},{"@type":"WebPage","@id":"https:\/\/tablaolaherreria.com\/ca\/videos-la-herreria\/#webpage","url":"https:\/\/tablaolaherreria.com\/ca\/videos-la-herreria\/","name":"V\u00eddeos - La Herrer\u00eda Tablao flamenco","isPartOf":{"@id":"https:\/\/tablaolaherreria.com\/#website"},"datePublished":"2016-11-25T11:19:26+00:00","dateModified":"2026-02-17T22:43:22+00:00","description":"Videos La Herrer\u00eda. Difruta de nuestro selecci\u00f3n de v\u00eddeos, los espect\u00e1culos con los mejores artistas que han pisado nuestro tablao.","breadcrumb":{"@id":"https:\/\/tablaolaherreria.com\/ca\/videos-la-herreria\/#breadcrumb"},"inLanguage":"ca","potentialAction":[{"@type":"ReadAction","target":["https:\/\/tablaolaherreria.com\/ca\/videos-la-herreria\/"]}]},{"@type":"BreadcrumbList","@id":"https:\/\/tablaolaherreria.com\/ca\/videos-la-herreria\/#breadcrumb","itemListElement":[{"@type":"ListItem","position":1,"name":"Portada","item":"https:\/\/tablaolaherreria.com\/ca\/"},{"@type":"ListItem","position":2,"name":"V\u00eddeos"}]}]}},"_links":{"self":[{"href":"https:\/\/tablaolaherreria.com\/ca\/wp-json\/wp\/v2\/pages\/21295"}],"collection":[{"href":"https:\/\/tablaolaherreria.com\/ca\/wp-json\/wp\/v2\/pages"}],"about":[{"href":"https:\/\/tablaolaherreria.com\/ca\/wp-json\/wp\/v2\/types\/page"}],"author":[{"embeddable":true,"href":"https:\/\/tablaolaherreria.com\/ca\/wp-json\/wp\/v2\/users\/158"}],"replies":[{"embeddable":true,"href":"https:\/\/tablaolaherreria.com\/ca\/wp-json\/wp\/v2\/comments?post=21295"}],"version-history":[{"count":6,"href":"https:\/\/tablaolaherreria.com\/ca\/wp-json\/wp\/v2\/pages\/21295\/revisions"}],"predecessor-version":[{"id":21362,"href":"https:\/\/tablaolaherreria.com\/ca\/wp-json\/wp\/v2\/pages\/21295\/revisions\/21362"}],"wp:attachment":[{"href":"https:\/\/tablaolaherreria.com\/ca\/wp-json\/wp\/v2\/media?parent=21295"}],"curies":[{"name":"wp","href":"https:\/\/api.w.org\/{rel}","templated":true}]}}