{"id":21419,"date":"2015-05-23T17:39:59","date_gmt":"2015-05-23T17:39:59","guid":{"rendered":"https:\/\/tablaolaherreria.com\/ca\/la-herreria-tablao-flamenco-in-tarragona\/"},"modified":"2026-03-01T02:15:47","modified_gmt":"2026-03-01T01:15:47","slug":"la-herreria-tablao-flamenc-tarragona","status":"publish","type":"page","link":"https:\/\/tablaolaherreria.com\/ca\/","title":{"rendered":"La Herrer\u00eda &#8211; Tablao flamenco en Tarragona"},"content":{"rendered":"<p>[vc_row][vc_column width=&#8221;1\/1&#8243;][rev_slider_vc alias=&#8221;home&#8221;][\/vc_column][\/vc_row][vc_row class=&#8221;vc_hidden-lg vc_hidden-md vc_hidden-sm vc_hidden-xs&#8221;][vc_column width=&#8221;1\/1&#8243;]<div class=\"spacer\" style=\"height: 40px;\"><\/div>[\/vc_column][\/vc_row]<\/p>\n","protected":false},"excerpt":{"rendered":"<p>[vc_row][vc_column width=&#8221;1\/1&#8243;][rev_slider_vc alias=&#8221;home&#8221;][\/vc_column][\/vc_row][vc_row class=&#8221;vc_hidden-lg vc_hidden-md vc_hidden-sm vc_hidden-xs&#8221;][vc_column width=&#8221;1\/1&#8243;][\/vc_column][\/vc_row]<\/p>\n","protected":false},"author":158,"featured_media":0,"parent":0,"menu_order":0,"comment_status":"open","ping_status":"closed","template":"","meta":[],"yoast_head":"<!-- This site is optimized with the Yoast SEO plugin v18.2 - https:\/\/yoast.com\/wordpress\/plugins\/seo\/ -->\n<meta name=\"description\" content=\"La Herrer\u00eda es uno de esos templos donde se respira el arte del flamenco en su m\u00e1xima expresi\u00f3n. Disfruta la experiencia. Venta de entradas oficial.\" \/>\n<meta name=\"robots\" content=\"index, follow, max-snippet:-1, max-image-preview:large, max-video-preview:-1\" \/>\n<link rel=\"canonical\" href=\"https:\/\/tablaolaherreria.com\/ca\/\" \/>\n<meta property=\"og:locale\" content=\"ca_ES\" \/>\n<meta property=\"og:type\" content=\"article\" \/>\n<meta property=\"og:title\" content=\"La Herrer\u00eda, original Tablao flamenco en la ciudad de Tarragona\" \/>\n<meta property=\"og:description\" content=\"La Herrer\u00eda es uno de esos templos donde se respira el arte del flamenco en su m\u00e1xima expresi\u00f3n. Disfruta la experiencia. Venta de entradas oficial.\" \/>\n<meta property=\"og:url\" content=\"https:\/\/tablaolaherreria.com\/ca\/\" \/>\n<meta property=\"og:site_name\" content=\"La Herrer\u00eda Tablao flamenco\" \/>\n<meta property=\"article:modified_time\" content=\"2026-03-01T01:15:47+00:00\" \/>\n<meta name=\"twitter:card\" content=\"summary\" \/>\n<script type=\"application\/ld+json\" class=\"yoast-schema-graph\">{\"@context\":\"https:\/\/schema.org\",\"@graph\":[{\"@type\":\"Organization\",\"@id\":\"https:\/\/tablaolaherreria.com\/#organization\",\"name\":\"La Herrer\u00eda\",\"url\":\"https:\/\/tablaolaherreria.com\/\",\"sameAs\":[],\"logo\":{\"@type\":\"ImageObject\",\"@id\":\"https:\/\/tablaolaherreria.com\/#logo\",\"inLanguage\":\"ca\",\"url\":\"https:\/\/tablaolaherreria.com\/wp-content\/uploads\/2016\/06\/Logo-copy-1.png\",\"contentUrl\":\"https:\/\/tablaolaherreria.com\/wp-content\/uploads\/2016\/06\/Logo-copy-1.png\",\"width\":800,\"height\":272,\"caption\":\"La Herrer\u00eda\"},\"image\":{\"@id\":\"https:\/\/tablaolaherreria.com\/#logo\"}},{\"@type\":\"WebSite\",\"@id\":\"https:\/\/tablaolaherreria.com\/#website\",\"url\":\"https:\/\/tablaolaherreria.com\/\",\"name\":\"La Herrer\u00eda Tablao flamenco\",\"description\":\"Tablao Flamenco Tarragona\",\"publisher\":{\"@id\":\"https:\/\/tablaolaherreria.com\/#organization\"},\"potentialAction\":[{\"@type\":\"SearchAction\",\"target\":{\"@type\":\"EntryPoint\",\"urlTemplate\":\"https:\/\/tablaolaherreria.com\/?s={search_term_string}\"},\"query-input\":\"required name=search_term_string\"}],\"inLanguage\":\"ca\"},{\"@type\":\"WebPage\",\"@id\":\"https:\/\/tablaolaherreria.com\/ca\/#webpage\",\"url\":\"https:\/\/tablaolaherreria.com\/ca\/\",\"name\":\"La Herrer\u00eda, original Tablao flamenco en la ciudad de Tarragona\",\"isPartOf\":{\"@id\":\"https:\/\/tablaolaherreria.com\/#website\"},\"datePublished\":\"2015-05-23T17:39:59+00:00\",\"dateModified\":\"2026-03-01T01:15:47+00:00\",\"description\":\"La Herrer\u00eda es uno de esos templos donde se respira el arte del flamenco en su m\u00e1xima expresi\u00f3n. Disfruta la experiencia. Venta de entradas oficial.\",\"breadcrumb\":{\"@id\":\"https:\/\/tablaolaherreria.com\/ca\/#breadcrumb\"},\"inLanguage\":\"ca\",\"potentialAction\":[{\"@type\":\"ReadAction\",\"target\":[\"https:\/\/tablaolaherreria.com\/ca\/\"]}]},{\"@type\":\"BreadcrumbList\",\"@id\":\"https:\/\/tablaolaherreria.com\/ca\/#breadcrumb\",\"itemListElement\":[{\"@type\":\"ListItem\",\"position\":1,\"name\":\"Portada\",\"item\":\"https:\/\/tablaolaherreria.com\/ca\/\"},{\"@type\":\"ListItem\",\"position\":2,\"name\":\"La Herrer\u00eda &#8211; Tablao flamenco en Tarragona\"}]}]}<\/script>\n<!-- \/ Yoast SEO plugin. -->","yoast_head_json":{"description":"La Herrer\u00eda es uno de esos templos donde se respira el arte del flamenco en su m\u00e1xima expresi\u00f3n. Disfruta la experiencia. Venta de entradas oficial.","robots":{"index":"index","follow":"follow","max-snippet":"max-snippet:-1","max-image-preview":"max-image-preview:large","max-video-preview":"max-video-preview:-1"},"canonical":"https:\/\/tablaolaherreria.com\/ca\/","og_locale":"ca_ES","og_type":"article","og_title":"La Herrer\u00eda, original Tablao flamenco en la ciudad de Tarragona","og_description":"La Herrer\u00eda es uno de esos templos donde se respira el arte del flamenco en su m\u00e1xima expresi\u00f3n. Disfruta la experiencia. Venta de entradas oficial.","og_url":"https:\/\/tablaolaherreria.com\/ca\/","og_site_name":"La Herrer\u00eda Tablao flamenco","article_modified_time":"2026-03-01T01:15:47+00:00","twitter_card":"summary","schema":{"@context":"https:\/\/schema.org","@graph":[{"@type":"Organization","@id":"https:\/\/tablaolaherreria.com\/#organization","name":"La Herrer\u00eda","url":"https:\/\/tablaolaherreria.com\/","sameAs":[],"logo":{"@type":"ImageObject","@id":"https:\/\/tablaolaherreria.com\/#logo","inLanguage":"ca","url":"https:\/\/tablaolaherreria.com\/wp-content\/uploads\/2016\/06\/Logo-copy-1.png","contentUrl":"https:\/\/tablaolaherreria.com\/wp-content\/uploads\/2016\/06\/Logo-copy-1.png","width":800,"height":272,"caption":"La Herrer\u00eda"},"image":{"@id":"https:\/\/tablaolaherreria.com\/#logo"}},{"@type":"WebSite","@id":"https:\/\/tablaolaherreria.com\/#website","url":"https:\/\/tablaolaherreria.com\/","name":"La Herrer\u00eda Tablao flamenco","description":"Tablao Flamenco Tarragona","publisher":{"@id":"https:\/\/tablaolaherreria.com\/#organization"},"potentialAction":[{"@type":"SearchAction","target":{"@type":"EntryPoint","urlTemplate":"https:\/\/tablaolaherreria.com\/?s={search_term_string}"},"query-input":"required name=search_term_string"}],"inLanguage":"ca"},{"@type":"WebPage","@id":"https:\/\/tablaolaherreria.com\/ca\/#webpage","url":"https:\/\/tablaolaherreria.com\/ca\/","name":"La Herrer\u00eda, original Tablao flamenco en la ciudad de Tarragona","isPartOf":{"@id":"https:\/\/tablaolaherreria.com\/#website"},"datePublished":"2015-05-23T17:39:59+00:00","dateModified":"2026-03-01T01:15:47+00:00","description":"La Herrer\u00eda es uno de esos templos donde se respira el arte del flamenco en su m\u00e1xima expresi\u00f3n. Disfruta la experiencia. Venta de entradas oficial.","breadcrumb":{"@id":"https:\/\/tablaolaherreria.com\/ca\/#breadcrumb"},"inLanguage":"ca","potentialAction":[{"@type":"ReadAction","target":["https:\/\/tablaolaherreria.com\/ca\/"]}]},{"@type":"BreadcrumbList","@id":"https:\/\/tablaolaherreria.com\/ca\/#breadcrumb","itemListElement":[{"@type":"ListItem","position":1,"name":"Portada","item":"https:\/\/tablaolaherreria.com\/ca\/"},{"@type":"ListItem","position":2,"name":"La Herrer\u00eda &#8211; Tablao flamenco en Tarragona"}]}]}},"_links":{"self":[{"href":"https:\/\/tablaolaherreria.com\/ca\/wp-json\/wp\/v2\/pages\/21419"}],"collection":[{"href":"https:\/\/tablaolaherreria.com\/ca\/wp-json\/wp\/v2\/pages"}],"about":[{"href":"https:\/\/tablaolaherreria.com\/ca\/wp-json\/wp\/v2\/types\/page"}],"author":[{"embeddable":true,"href":"https:\/\/tablaolaherreria.com\/ca\/wp-json\/wp\/v2\/users\/158"}],"replies":[{"embeddable":true,"href":"https:\/\/tablaolaherreria.com\/ca\/wp-json\/wp\/v2\/comments?post=21419"}],"version-history":[{"count":4,"href":"https:\/\/tablaolaherreria.com\/ca\/wp-json\/wp\/v2\/pages\/21419\/revisions"}],"predecessor-version":[{"id":21471,"href":"https:\/\/tablaolaherreria.com\/ca\/wp-json\/wp\/v2\/pages\/21419\/revisions\/21471"}],"wp:attachment":[{"href":"https:\/\/tablaolaherreria.com\/ca\/wp-json\/wp\/v2\/media?parent=21419"}],"curies":[{"name":"wp","href":"https:\/\/api.w.org\/{rel}","templated":true}]}}