{"id":21461,"date":"2026-03-01T01:55:58","date_gmt":"2026-03-01T00:55:58","guid":{"rendered":"https:\/\/tablaolaherreria.com\/ca\/?page_id=21461"},"modified":"2026-03-01T01:58:05","modified_gmt":"2026-03-01T00:58:05","slug":"flamenco-live","status":"publish","type":"page","link":"https:\/\/tablaolaherreria.com\/ca\/flamenco-live\/","title":{"rendered":"FLAMENCO LIVE"},"content":{"rendered":"<p>[vc_row][vc_column width=&#8221;1\/2&#8243;]<div class=\"spacer\" style=\"height: 60px;\"><\/div>[vc_column_text]Flamenc Live \u00e9s un espectacle on les ess\u00e8ncies m\u00e9s pures del flamenc cobren vida sobre l&#8217;escenari. El cant, la guitarra i el ball es presenten sense artificis, en una trobada directa i honesta que connecta amb l&#8217;arrel m\u00e9s profunda d&#8217;aquest art ancestral.<\/p>\n<p>Amb una durada d&#8217;1 hora, l&#8217;espectacle ofereix una representaci\u00f3 tradicional del flamenc, respectant els seus codis, la seva estructura i la seva for\u00e7a expressiva. Cada n\u00famero neix del di\u00e0leg natural entre els int\u00e8rprets, on el ritme, l&#8217;emoci\u00f3 i la improvisaci\u00f3 s&#8217;entrellacen per a crear moments \u00fanics i irrepetibles.<\/p>\n<p>Flamenc Live proposa un viatge pels pals m\u00e9s representatius del flamenc, posant en valor la intensitat del cant, la sonoritat de la guitarra i la pot\u00e8ncia expressiva del ball. L&#8217;escenari es converteix en un espai viu, on el comp\u00e0s marca el pols i l&#8217;emoci\u00f3 es transmet de manera directa a l&#8217;espectador.<\/p>\n<p>Un espectacle pr\u00f2xim, aut\u00e8ntic i vibrant, pensat per als qui desitgen sentir el flamenc en la seva forma m\u00e9s genu\u00efna, sense filtres, des de la veritat del directe i la tradici\u00f3 que continua bategant amb for\u00e7a en cada interpretaci\u00f3.[\/vc_column_text][\/vc_column][vc_column width=&#8221;1\/2&#8243;]<div class=\"spacer\" style=\"height: 60px;\"><\/div><div class=\"single_image wpb_content_element align-left    \" data-animation=\"none\" data-delay=\"0\"><img width=\"1080\" height=\"1080\" src=\"https:\/\/tablaolaherreria.com\/wp-content\/uploads\/2026\/02\/tablao-la-herreria-full.jpeg\" class=\"attachment-full\" alt=\"\" loading=\"lazy\" srcset=\"https:\/\/tablaolaherreria.com\/wp-content\/uploads\/2026\/02\/tablao-la-herreria-full.jpeg 1080w, https:\/\/tablaolaherreria.com\/wp-content\/uploads\/2026\/02\/tablao-la-herreria-full-300x300.jpeg 300w, https:\/\/tablaolaherreria.com\/wp-content\/uploads\/2026\/02\/tablao-la-herreria-full-1024x1024.jpeg 1024w, https:\/\/tablaolaherreria.com\/wp-content\/uploads\/2026\/02\/tablao-la-herreria-full-150x150.jpeg 150w, https:\/\/tablaolaherreria.com\/wp-content\/uploads\/2026\/02\/tablao-la-herreria-full-768x768.jpeg 768w, https:\/\/tablaolaherreria.com\/wp-content\/uploads\/2026\/02\/tablao-la-herreria-full-80x80.jpeg 80w, https:\/\/tablaolaherreria.com\/wp-content\/uploads\/2026\/02\/tablao-la-herreria-full-500x500.jpeg 500w, https:\/\/tablaolaherreria.com\/wp-content\/uploads\/2026\/02\/tablao-la-herreria-full-1000x1000.jpeg 1000w, https:\/\/tablaolaherreria.com\/wp-content\/uploads\/2026\/02\/tablao-la-herreria-full-600x600.jpeg 600w, https:\/\/tablaolaherreria.com\/wp-content\/uploads\/2026\/02\/tablao-la-herreria-full-100x100.jpeg 100w\" sizes=\"(max-width: 1080px) 100vw, 1080px\" \/><\/div>[\/vc_column][\/vc_row][vc_row][vc_column width=&#8221;1\/1&#8243;]<div class=\"divider divider1\" style='margin:20px 0 20px 0 !important;'><\/div>[\/vc_column][\/vc_row][vc_row][vc_column text_align=&#8221;center&#8221; width=&#8221;1\/2&#8243;]<a href=\"https:\/\/tablaolaherreria.com\/entradas\/\" target=\"_self\" class=\"button red large \" style=\"border-radius: 5px;\">Veure horaris \/ Comprar entrades<\/a>[\/vc_column][vc_column width=&#8221;1\/2&#8243;][vc_column_text]<strong>TABLAO LA HERRERIA<\/strong><br \/>\nCarrer de Reding, 14, 43001 Tarragona (Cooperativa El Magatzem)<br \/>\n<a href=\"mailto:info@tablaolaherreria.com\" target=\"_blank\" rel=\"noopener\">info@tablaolaherreria.com<\/a><\/p>\n<ul>\n<li>Duraci\u00f3: 1 hora<\/li>\n<li>Recinte i bany accessibles<\/li>\n<li>Aforament per a 150 persones<\/li>\n<\/ul>\n<p>[\/vc_column_text][\/vc_column][\/vc_row][vc_row][vc_column width=&#8221;1\/1&#8243;]<div class=\"divider divider1\" style='margin:20px 0 20px 0 !important;'><\/div><div class=\"video-embed  wpb_content_element\"><iframe title=\"FLAMENCO LIVE - LA HERRER\u00cdA\" width=\"1161\" height=\"653\" src=\"https:\/\/www.youtube.com\/embed\/5Hf1xBtgh_M?feature=oembed\" frameborder=\"0\" allow=\"accelerometer; autoplay; clipboard-write; encrypted-media; gyroscope; picture-in-picture; web-share\" referrerpolicy=\"strict-origin-when-cross-origin\" allowfullscreen><\/iframe><\/div><div class=\"divider divider1\" style='margin:20px 0 20px 0 !important;'><\/div>[\/vc_column][\/vc_row][vc_section full_width=&#8221;stretch_row&#8221;][vc_row][vc_column width=&#8221;1\/3&#8243;]<div class=\"single_image wpb_content_element align-left    \" data-animation=\"none\" data-delay=\"0\"><img width=\"1920\" height=\"1280\" src=\"https:\/\/tablaolaherreria.com\/wp-content\/uploads\/2026\/03\/2018.10.16_Extremeno-105.jpg\" class=\"attachment-full\" alt=\"\" loading=\"lazy\" srcset=\"https:\/\/tablaolaherreria.com\/wp-content\/uploads\/2026\/03\/2018.10.16_Extremeno-105.jpg 1920w, https:\/\/tablaolaherreria.com\/wp-content\/uploads\/2026\/03\/2018.10.16_Extremeno-105-300x200.jpg 300w, https:\/\/tablaolaherreria.com\/wp-content\/uploads\/2026\/03\/2018.10.16_Extremeno-105-1024x683.jpg 1024w, https:\/\/tablaolaherreria.com\/wp-content\/uploads\/2026\/03\/2018.10.16_Extremeno-105-768x512.jpg 768w, https:\/\/tablaolaherreria.com\/wp-content\/uploads\/2026\/03\/2018.10.16_Extremeno-105-1536x1024.jpg 1536w, https:\/\/tablaolaherreria.com\/wp-content\/uploads\/2026\/03\/2018.10.16_Extremeno-105-600x400.jpg 600w\" sizes=\"(max-width: 1920px) 100vw, 1920px\" \/><\/div><div class=\"single_image wpb_content_element align-left    \" data-animation=\"none\" data-delay=\"0\"><img width=\"1920\" height=\"1280\" src=\"https:\/\/tablaolaherreria.com\/wp-content\/uploads\/2026\/03\/2020.02.09_Cristina-Aguilera-59.jpg\" class=\"attachment-full\" alt=\"\" loading=\"lazy\" srcset=\"https:\/\/tablaolaherreria.com\/wp-content\/uploads\/2026\/03\/2020.02.09_Cristina-Aguilera-59.jpg 1920w, https:\/\/tablaolaherreria.com\/wp-content\/uploads\/2026\/03\/2020.02.09_Cristina-Aguilera-59-300x200.jpg 300w, https:\/\/tablaolaherreria.com\/wp-content\/uploads\/2026\/03\/2020.02.09_Cristina-Aguilera-59-1024x683.jpg 1024w, https:\/\/tablaolaherreria.com\/wp-content\/uploads\/2026\/03\/2020.02.09_Cristina-Aguilera-59-768x512.jpg 768w, https:\/\/tablaolaherreria.com\/wp-content\/uploads\/2026\/03\/2020.02.09_Cristina-Aguilera-59-1536x1024.jpg 1536w, https:\/\/tablaolaherreria.com\/wp-content\/uploads\/2026\/03\/2020.02.09_Cristina-Aguilera-59-600x400.jpg 600w\" sizes=\"(max-width: 1920px) 100vw, 1920px\" \/><\/div>[\/vc_column][vc_column width=&#8221;1\/3&#8243;]<div class=\"single_image wpb_content_element align-left    \" data-animation=\"none\" data-delay=\"0\"><img width=\"1600\" height=\"1067\" src=\"https:\/\/tablaolaherreria.com\/wp-content\/uploads\/2026\/03\/baja-calidad-60.jpg\" class=\"attachment-full\" alt=\"\" loading=\"lazy\" srcset=\"https:\/\/tablaolaherreria.com\/wp-content\/uploads\/2026\/03\/baja-calidad-60.jpg 1600w, https:\/\/tablaolaherreria.com\/wp-content\/uploads\/2026\/03\/baja-calidad-60-300x200.jpg 300w, https:\/\/tablaolaherreria.com\/wp-content\/uploads\/2026\/03\/baja-calidad-60-1024x683.jpg 1024w, https:\/\/tablaolaherreria.com\/wp-content\/uploads\/2026\/03\/baja-calidad-60-768x512.jpg 768w, https:\/\/tablaolaherreria.com\/wp-content\/uploads\/2026\/03\/baja-calidad-60-1536x1024.jpg 1536w, https:\/\/tablaolaherreria.com\/wp-content\/uploads\/2026\/03\/baja-calidad-60-600x400.jpg 600w\" sizes=\"(max-width: 1600px) 100vw, 1600px\" \/><\/div><div class=\"single_image wpb_content_element align-left    \" data-animation=\"none\" data-delay=\"0\"><img width=\"1920\" height=\"1280\" src=\"https:\/\/tablaolaherreria.com\/wp-content\/uploads\/2026\/03\/2022.01.28-40.jpg\" class=\"attachment-full\" alt=\"\" loading=\"lazy\" srcset=\"https:\/\/tablaolaherreria.com\/wp-content\/uploads\/2026\/03\/2022.01.28-40.jpg 1920w, https:\/\/tablaolaherreria.com\/wp-content\/uploads\/2026\/03\/2022.01.28-40-300x200.jpg 300w, https:\/\/tablaolaherreria.com\/wp-content\/uploads\/2026\/03\/2022.01.28-40-1024x683.jpg 1024w, https:\/\/tablaolaherreria.com\/wp-content\/uploads\/2026\/03\/2022.01.28-40-768x512.jpg 768w, https:\/\/tablaolaherreria.com\/wp-content\/uploads\/2026\/03\/2022.01.28-40-1536x1024.jpg 1536w, https:\/\/tablaolaherreria.com\/wp-content\/uploads\/2026\/03\/2022.01.28-40-600x400.jpg 600w\" sizes=\"(max-width: 1920px) 100vw, 1920px\" \/><\/div>[\/vc_column][vc_column width=&#8221;1\/3&#8243;]<div class=\"single_image wpb_content_element align-left    \" data-animation=\"none\" data-delay=\"0\"><img width=\"1200\" height=\"801\" src=\"https:\/\/tablaolaherreria.com\/wp-content\/uploads\/2026\/03\/Herraria_maoz-50.jpg\" class=\"attachment-full\" alt=\"\" loading=\"lazy\" srcset=\"https:\/\/tablaolaherreria.com\/wp-content\/uploads\/2026\/03\/Herraria_maoz-50.jpg 1200w, https:\/\/tablaolaherreria.com\/wp-content\/uploads\/2026\/03\/Herraria_maoz-50-300x200.jpg 300w, https:\/\/tablaolaherreria.com\/wp-content\/uploads\/2026\/03\/Herraria_maoz-50-1024x684.jpg 1024w, https:\/\/tablaolaherreria.com\/wp-content\/uploads\/2026\/03\/Herraria_maoz-50-768x513.jpg 768w, https:\/\/tablaolaherreria.com\/wp-content\/uploads\/2026\/03\/Herraria_maoz-50-600x401.jpg 600w\" sizes=\"(max-width: 1200px) 100vw, 1200px\" \/><\/div><div class=\"single_image wpb_content_element align-left    \" data-animation=\"none\" data-delay=\"0\"><img width=\"1920\" height=\"1280\" src=\"https:\/\/tablaolaherreria.com\/wp-content\/uploads\/2026\/03\/2020.02.15_Adrian-Sanchez-45.jpg\" class=\"attachment-full\" alt=\"\" loading=\"lazy\" srcset=\"https:\/\/tablaolaherreria.com\/wp-content\/uploads\/2026\/03\/2020.02.15_Adrian-Sanchez-45.jpg 1920w, https:\/\/tablaolaherreria.com\/wp-content\/uploads\/2026\/03\/2020.02.15_Adrian-Sanchez-45-300x200.jpg 300w, https:\/\/tablaolaherreria.com\/wp-content\/uploads\/2026\/03\/2020.02.15_Adrian-Sanchez-45-1024x683.jpg 1024w, https:\/\/tablaolaherreria.com\/wp-content\/uploads\/2026\/03\/2020.02.15_Adrian-Sanchez-45-768x512.jpg 768w, https:\/\/tablaolaherreria.com\/wp-content\/uploads\/2026\/03\/2020.02.15_Adrian-Sanchez-45-1536x1024.jpg 1536w, https:\/\/tablaolaherreria.com\/wp-content\/uploads\/2026\/03\/2020.02.15_Adrian-Sanchez-45-600x400.jpg 600w\" sizes=\"(max-width: 1920px) 100vw, 1920px\" \/><\/div>[\/vc_column][\/vc_row][\/vc_section][vc_row][vc_column width=&#8221;1\/1&#8243;]<div class=\"divider divider1\" style='margin:20px 0 20px 0 !important;'><\/div>[vc_raw_html]JTNDJTIxLS0lMjBFbGZzaWdodCUyMEdvb2dsZSUyMFJldmlld3MlMjAlN0MlMjBVbnRpdGxlZCUyMEdvb2dsZSUyMFJldmlld3MlMjAtLSUzRSUwQSUzQ3NjcmlwdCUyMHNyYyUzRCUyMmh0dHBzJTNBJTJGJTJGZWxmc2lnaHRjZG4uY29tJTJGcGxhdGZvcm0uanMlMjIlMjBhc3luYyUzRSUzQyUyRnNjcmlwdCUzRSUwQSUzQ2RpdiUyMGNsYXNzJTNEJTIyZWxmc2lnaHQtYXBwLWE2OWYyZTk0LTdjM2EtNDJiMS04YjdhLTY1ZTdkODYxYTJmMCUyMiUyMGRhdGEtZWxmc2lnaHQtYXBwLWxhenklM0UlM0MlMkZkaXYlM0U=[\/vc_raw_html][\/vc_column][\/vc_row]<\/p>\n","protected":false},"excerpt":{"rendered":"<p>[vc_row][vc_column width=&#8221;1\/2&#8243;][vc_column_text]Flamenc Live \u00e9s un espectacle on les ess\u00e8ncies m\u00e9s pures del flamenc cobren vida sobre l&#8217;escenari. El cant, la guitarra i el ball es presenten sense artificis, en una trobada directa i honesta que connecta amb l&#8217;arrel m\u00e9s profunda d&#8217;aquest art ancestral. Amb una durada d&#8217;1 hora, l&#8217;espectacle ofereix una representaci\u00f3 tradicional del flamenc, respectant els seus codis, la seva estructura i la seva for\u00e7a expressiva. Cada n\u00famero neix del di\u00e0leg natural entre els int\u00e8rprets, on el ritme, l&#8217;emoci\u00f3 i la improvisaci\u00f3 s&#8217;entrellacen per a crear moments \u00fanics i irrepetibles. Flamenc Live proposa un viatge pels pals m\u00e9s representatius del flamenc, posant en valor la intensitat del cant, la sonoritat de la guitarra i la pot\u00e8ncia expressiva del ball. L&#8217;escenari es converteix en un espai viu, on el comp\u00e0s marca el pols i l&#8217;emoci\u00f3 es transmet de manera directa a l&#8217;espectador. Un espectacle pr\u00f2xim, aut\u00e8ntic i vibrant, pensat per als qui desitgen sentir el flamenc en la seva forma m\u00e9s genu\u00efna, sense filtres, des de la veritat del directe i la tradici\u00f3 que continua bategant amb for\u00e7a en cada interpretaci\u00f3.[\/vc_column_text][\/vc_column][vc_column width=&#8221;1\/2&#8243;][\/vc_column][\/vc_row][vc_row][vc_column width=&#8221;1\/1&#8243;][\/vc_column][\/vc_row][vc_row][vc_column text_align=&#8221;center&#8221; width=&#8221;1\/2&#8243;][\/vc_column][vc_column width=&#8221;1\/2&#8243;][vc_column_text]TABLAO LA HERRERIA Carrer de Reding, 14, 43001 Tarragona (Cooperativa El Magatzem) info@tablaolaherreria.com Duraci\u00f3: 1 [&hellip;]<\/p>\n","protected":false},"author":230,"featured_media":1838,"parent":0,"menu_order":0,"comment_status":"closed","ping_status":"closed","template":"","meta":[],"yoast_head":"<!-- This site is optimized with the Yoast SEO plugin v18.2 - https:\/\/yoast.com\/wordpress\/plugins\/seo\/ -->\n<meta name=\"robots\" content=\"index, follow, max-snippet:-1, max-image-preview:large, max-video-preview:-1\" \/>\n<link rel=\"canonical\" href=\"https:\/\/tablaolaherreria.com\/ca\/flamenco-live\/\" \/>\n<meta property=\"og:locale\" content=\"ca_ES\" \/>\n<meta property=\"og:type\" content=\"article\" \/>\n<meta property=\"og:title\" content=\"FLAMENCO LIVE - La Herrer\u00eda Tablao flamenco\" \/>\n<meta property=\"og:description\" content=\"[vc_row][vc_column width=&#8221;1\/2&#8243;][vc_column_text]Flamenc Live \u00e9s un espectacle on les ess\u00e8ncies m\u00e9s pures del flamenc cobren vida sobre l&#8217;escenari. El cant, la guitarra i el ball es presenten sense artificis, en una trobada directa i honesta que connecta amb l&#8217;arrel m\u00e9s profunda d&#8217;aquest art ancestral. Amb una durada d&#8217;1 hora, l&#8217;espectacle ofereix una representaci\u00f3 tradicional del flamenc, respectant els seus codis, la seva estructura i la seva for\u00e7a expressiva. Cada n\u00famero neix del di\u00e0leg natural entre els int\u00e8rprets, on el ritme, l&#8217;emoci\u00f3 i la improvisaci\u00f3 s&#8217;entrellacen per a crear moments \u00fanics i irrepetibles. Flamenc Live proposa un viatge pels pals m\u00e9s representatius del flamenc, posant en valor la intensitat del cant, la sonoritat de la guitarra i la pot\u00e8ncia expressiva del ball. L&#8217;escenari es converteix en un espai viu, on el comp\u00e0s marca el pols i l&#8217;emoci\u00f3 es transmet de manera directa a l&#8217;espectador. Un espectacle pr\u00f2xim, aut\u00e8ntic i vibrant, pensat per als qui desitgen sentir el flamenc en la seva forma m\u00e9s genu\u00efna, sense filtres, des de la veritat del directe i la tradici\u00f3 que continua bategant amb for\u00e7a en cada interpretaci\u00f3.[\/vc_column_text][\/vc_column][vc_column width=&#8221;1\/2&#8243;][\/vc_column][\/vc_row][vc_row][vc_column width=&#8221;1\/1&#8243;][\/vc_column][\/vc_row][vc_row][vc_column text_align=&#8221;center&#8221; width=&#8221;1\/2&#8243;][\/vc_column][vc_column width=&#8221;1\/2&#8243;][vc_column_text]TABLAO LA HERRERIA Carrer de Reding, 14, 43001 Tarragona (Cooperativa El Magatzem) info@tablaolaherreria.com Duraci\u00f3: 1 [&hellip;]\" \/>\n<meta property=\"og:url\" content=\"https:\/\/tablaolaherreria.com\/ca\/flamenco-live\/\" \/>\n<meta property=\"og:site_name\" content=\"La Herrer\u00eda Tablao flamenco\" \/>\n<meta property=\"article:modified_time\" content=\"2026-03-01T00:58:05+00:00\" \/>\n<meta property=\"og:image\" content=\"https:\/\/tablaolaherreria.com\/wp-content\/uploads\/2017\/02\/la-herreria-2.jpg\" \/>\n\t<meta property=\"og:image:width\" content=\"2010\" \/>\n\t<meta property=\"og:image:height\" content=\"1340\" \/>\n\t<meta property=\"og:image:type\" content=\"image\/jpeg\" \/>\n<meta name=\"twitter:card\" content=\"summary\" \/>\n<meta name=\"twitter:label1\" content=\"Est. reading time\" \/>\n\t<meta name=\"twitter:data1\" content=\"2 minutes\" \/>\n<script type=\"application\/ld+json\" class=\"yoast-schema-graph\">{\"@context\":\"https:\/\/schema.org\",\"@graph\":[{\"@type\":\"Organization\",\"@id\":\"https:\/\/tablaolaherreria.com\/#organization\",\"name\":\"La Herrer\u00eda\",\"url\":\"https:\/\/tablaolaherreria.com\/\",\"sameAs\":[],\"logo\":{\"@type\":\"ImageObject\",\"@id\":\"https:\/\/tablaolaherreria.com\/#logo\",\"inLanguage\":\"ca\",\"url\":\"https:\/\/tablaolaherreria.com\/wp-content\/uploads\/2016\/06\/Logo-copy-1.png\",\"contentUrl\":\"https:\/\/tablaolaherreria.com\/wp-content\/uploads\/2016\/06\/Logo-copy-1.png\",\"width\":800,\"height\":272,\"caption\":\"La Herrer\u00eda\"},\"image\":{\"@id\":\"https:\/\/tablaolaherreria.com\/#logo\"}},{\"@type\":\"WebSite\",\"@id\":\"https:\/\/tablaolaherreria.com\/#website\",\"url\":\"https:\/\/tablaolaherreria.com\/\",\"name\":\"La Herrer\u00eda Tablao flamenco\",\"description\":\"Tablao Flamenco Tarragona\",\"publisher\":{\"@id\":\"https:\/\/tablaolaherreria.com\/#organization\"},\"potentialAction\":[{\"@type\":\"SearchAction\",\"target\":{\"@type\":\"EntryPoint\",\"urlTemplate\":\"https:\/\/tablaolaherreria.com\/?s={search_term_string}\"},\"query-input\":\"required name=search_term_string\"}],\"inLanguage\":\"ca\"},{\"@type\":\"ImageObject\",\"@id\":\"https:\/\/tablaolaherreria.com\/ca\/flamenco-live\/#primaryimage\",\"inLanguage\":\"ca\",\"url\":\"https:\/\/tablaolaherreria.com\/wp-content\/uploads\/2017\/02\/la-herreria-2.jpg\",\"contentUrl\":\"https:\/\/tablaolaherreria.com\/wp-content\/uploads\/2017\/02\/la-herreria-2.jpg\",\"width\":2010,\"height\":1340},{\"@type\":\"WebPage\",\"@id\":\"https:\/\/tablaolaherreria.com\/ca\/flamenco-live\/#webpage\",\"url\":\"https:\/\/tablaolaherreria.com\/ca\/flamenco-live\/\",\"name\":\"FLAMENCO LIVE - La Herrer\u00eda Tablao flamenco\",\"isPartOf\":{\"@id\":\"https:\/\/tablaolaherreria.com\/#website\"},\"primaryImageOfPage\":{\"@id\":\"https:\/\/tablaolaherreria.com\/ca\/flamenco-live\/#primaryimage\"},\"datePublished\":\"2026-03-01T00:55:58+00:00\",\"dateModified\":\"2026-03-01T00:58:05+00:00\",\"breadcrumb\":{\"@id\":\"https:\/\/tablaolaherreria.com\/ca\/flamenco-live\/#breadcrumb\"},\"inLanguage\":\"ca\",\"potentialAction\":[{\"@type\":\"ReadAction\",\"target\":[\"https:\/\/tablaolaherreria.com\/ca\/flamenco-live\/\"]}]},{\"@type\":\"BreadcrumbList\",\"@id\":\"https:\/\/tablaolaherreria.com\/ca\/flamenco-live\/#breadcrumb\",\"itemListElement\":[{\"@type\":\"ListItem\",\"position\":1,\"name\":\"Portada\",\"item\":\"https:\/\/tablaolaherreria.com\/ca\/\"},{\"@type\":\"ListItem\",\"position\":2,\"name\":\"FLAMENCO LIVE\"}]}]}<\/script>\n<!-- \/ Yoast SEO plugin. -->","yoast_head_json":{"robots":{"index":"index","follow":"follow","max-snippet":"max-snippet:-1","max-image-preview":"max-image-preview:large","max-video-preview":"max-video-preview:-1"},"canonical":"https:\/\/tablaolaherreria.com\/ca\/flamenco-live\/","og_locale":"ca_ES","og_type":"article","og_title":"FLAMENCO LIVE - La Herrer\u00eda Tablao flamenco","og_description":"[vc_row][vc_column width=&#8221;1\/2&#8243;][vc_column_text]Flamenc Live \u00e9s un espectacle on les ess\u00e8ncies m\u00e9s pures del flamenc cobren vida sobre l&#8217;escenari. El cant, la guitarra i el ball es presenten sense artificis, en una trobada directa i honesta que connecta amb l&#8217;arrel m\u00e9s profunda d&#8217;aquest art ancestral. Amb una durada d&#8217;1 hora, l&#8217;espectacle ofereix una representaci\u00f3 tradicional del flamenc, respectant els seus codis, la seva estructura i la seva for\u00e7a expressiva. Cada n\u00famero neix del di\u00e0leg natural entre els int\u00e8rprets, on el ritme, l&#8217;emoci\u00f3 i la improvisaci\u00f3 s&#8217;entrellacen per a crear moments \u00fanics i irrepetibles. Flamenc Live proposa un viatge pels pals m\u00e9s representatius del flamenc, posant en valor la intensitat del cant, la sonoritat de la guitarra i la pot\u00e8ncia expressiva del ball. L&#8217;escenari es converteix en un espai viu, on el comp\u00e0s marca el pols i l&#8217;emoci\u00f3 es transmet de manera directa a l&#8217;espectador. Un espectacle pr\u00f2xim, aut\u00e8ntic i vibrant, pensat per als qui desitgen sentir el flamenc en la seva forma m\u00e9s genu\u00efna, sense filtres, des de la veritat del directe i la tradici\u00f3 que continua bategant amb for\u00e7a en cada interpretaci\u00f3.[\/vc_column_text][\/vc_column][vc_column width=&#8221;1\/2&#8243;][\/vc_column][\/vc_row][vc_row][vc_column width=&#8221;1\/1&#8243;][\/vc_column][\/vc_row][vc_row][vc_column text_align=&#8221;center&#8221; width=&#8221;1\/2&#8243;][\/vc_column][vc_column width=&#8221;1\/2&#8243;][vc_column_text]TABLAO LA HERRERIA Carrer de Reding, 14, 43001 Tarragona (Cooperativa El Magatzem) info@tablaolaherreria.com Duraci\u00f3: 1 [&hellip;]","og_url":"https:\/\/tablaolaherreria.com\/ca\/flamenco-live\/","og_site_name":"La Herrer\u00eda Tablao flamenco","article_modified_time":"2026-03-01T00:58:05+00:00","og_image":[{"width":2010,"height":1340,"url":"https:\/\/tablaolaherreria.com\/wp-content\/uploads\/2017\/02\/la-herreria-2.jpg","type":"image\/jpeg"}],"twitter_card":"summary","twitter_misc":{"Est. reading time":"2 minutes"},"schema":{"@context":"https:\/\/schema.org","@graph":[{"@type":"Organization","@id":"https:\/\/tablaolaherreria.com\/#organization","name":"La Herrer\u00eda","url":"https:\/\/tablaolaherreria.com\/","sameAs":[],"logo":{"@type":"ImageObject","@id":"https:\/\/tablaolaherreria.com\/#logo","inLanguage":"ca","url":"https:\/\/tablaolaherreria.com\/wp-content\/uploads\/2016\/06\/Logo-copy-1.png","contentUrl":"https:\/\/tablaolaherreria.com\/wp-content\/uploads\/2016\/06\/Logo-copy-1.png","width":800,"height":272,"caption":"La Herrer\u00eda"},"image":{"@id":"https:\/\/tablaolaherreria.com\/#logo"}},{"@type":"WebSite","@id":"https:\/\/tablaolaherreria.com\/#website","url":"https:\/\/tablaolaherreria.com\/","name":"La Herrer\u00eda Tablao flamenco","description":"Tablao Flamenco Tarragona","publisher":{"@id":"https:\/\/tablaolaherreria.com\/#organization"},"potentialAction":[{"@type":"SearchAction","target":{"@type":"EntryPoint","urlTemplate":"https:\/\/tablaolaherreria.com\/?s={search_term_string}"},"query-input":"required name=search_term_string"}],"inLanguage":"ca"},{"@type":"ImageObject","@id":"https:\/\/tablaolaherreria.com\/ca\/flamenco-live\/#primaryimage","inLanguage":"ca","url":"https:\/\/tablaolaherreria.com\/wp-content\/uploads\/2017\/02\/la-herreria-2.jpg","contentUrl":"https:\/\/tablaolaherreria.com\/wp-content\/uploads\/2017\/02\/la-herreria-2.jpg","width":2010,"height":1340},{"@type":"WebPage","@id":"https:\/\/tablaolaherreria.com\/ca\/flamenco-live\/#webpage","url":"https:\/\/tablaolaherreria.com\/ca\/flamenco-live\/","name":"FLAMENCO LIVE - La Herrer\u00eda Tablao flamenco","isPartOf":{"@id":"https:\/\/tablaolaherreria.com\/#website"},"primaryImageOfPage":{"@id":"https:\/\/tablaolaherreria.com\/ca\/flamenco-live\/#primaryimage"},"datePublished":"2026-03-01T00:55:58+00:00","dateModified":"2026-03-01T00:58:05+00:00","breadcrumb":{"@id":"https:\/\/tablaolaherreria.com\/ca\/flamenco-live\/#breadcrumb"},"inLanguage":"ca","potentialAction":[{"@type":"ReadAction","target":["https:\/\/tablaolaherreria.com\/ca\/flamenco-live\/"]}]},{"@type":"BreadcrumbList","@id":"https:\/\/tablaolaherreria.com\/ca\/flamenco-live\/#breadcrumb","itemListElement":[{"@type":"ListItem","position":1,"name":"Portada","item":"https:\/\/tablaolaherreria.com\/ca\/"},{"@type":"ListItem","position":2,"name":"FLAMENCO LIVE"}]}]}},"_links":{"self":[{"href":"https:\/\/tablaolaherreria.com\/ca\/wp-json\/wp\/v2\/pages\/21461"}],"collection":[{"href":"https:\/\/tablaolaherreria.com\/ca\/wp-json\/wp\/v2\/pages"}],"about":[{"href":"https:\/\/tablaolaherreria.com\/ca\/wp-json\/wp\/v2\/types\/page"}],"author":[{"embeddable":true,"href":"https:\/\/tablaolaherreria.com\/ca\/wp-json\/wp\/v2\/users\/230"}],"replies":[{"embeddable":true,"href":"https:\/\/tablaolaherreria.com\/ca\/wp-json\/wp\/v2\/comments?post=21461"}],"version-history":[{"count":3,"href":"https:\/\/tablaolaherreria.com\/ca\/wp-json\/wp\/v2\/pages\/21461\/revisions"}],"predecessor-version":[{"id":21464,"href":"https:\/\/tablaolaherreria.com\/ca\/wp-json\/wp\/v2\/pages\/21461\/revisions\/21464"}],"wp:featuredmedia":[{"embeddable":true,"href":"https:\/\/tablaolaherreria.com\/ca\/wp-json\/wp\/v2\/media\/1838"}],"wp:attachment":[{"href":"https:\/\/tablaolaherreria.com\/ca\/wp-json\/wp\/v2\/media?parent=21461"}],"curies":[{"name":"wp","href":"https:\/\/api.w.org\/{rel}","templated":true}]}}