{"id":15802,"date":"2017-08-03T09:19:52","date_gmt":"2017-08-03T08:19:52","guid":{"rendered":"https:\/\/tablaolaherreria.com\/en\/?page_id=15802"},"modified":"2026-03-01T02:28:29","modified_gmt":"2026-03-01T01:28:29","slug":"flamenco-spain-experience","status":"publish","type":"page","link":"https:\/\/tablaolaherreria.com\/en\/flamenco-spain-experience\/","title":{"rendered":"FLAMENCO ESPA\u00d1A EXPERIENCE"},"content":{"rendered":"<p>[vc_row][vc_column width=&#8221;1\/2&#8243;]<div class=\"spacer\" style=\"height: 40px;\"><\/div>[vc_column_text]FLAMENCO ESPA\u00d1A EXPERIENCE is a traditional flamenco show, created for international on-demand tours, that invites audiences to immerse themselves in the most authentic essence of this universal art form. Through song, dance, and live music, the most representative flamenco styles are showcased, revealing our way of expressing ourselves and presenting ourselves to the world.<\/p>\n<p>On stage, the audience will enjoy the aesthetic and symbolic richness of flamenco: castanets, fans, shawls, flamenco dresses with long trains, and elegant costumes that accompany each scene with power, elegance, and authenticity.<\/p>\n<p>A show designed to feel, understand, and experience flamenco in its purest form. Songs and dances such as the sole\u00e1, alegr\u00edas from C\u00e1diz, tangos from Granada, sevillanas from Seville, seguiriyas, martinete, and buler\u00edas are performed, offering a complete journey through the diversity and soul of flamenco.[\/vc_column_text]<div class=\"spacer\" style=\"height: 20px;\"><\/div>[\/vc_column][vc_column width=&#8221;1\/2&#8243;]<div class=\"spacer\" style=\"height: 40px;\"><\/div>[vc_column_text]<\/p>\n<p class=\"cvGsUA direction-ltr align-justify para-style-body\"><span class=\"a_GcMg font-feature-liga-off font-feature-clig-off font-feature-calt-off text-decoration-none text-strikethrough-none\">FLAMENCO ESPA\u00d1A EXPERIENCE<br \/>\n<\/span><\/p>\n<p>Duration: 1 hour and 20 minutes<br \/>\nFeatures 9 artists on stage:<\/p>\n<ul>\n<li>3 female flamenco dancers<\/li>\n<li>1 male flamenco dancer<\/li>\n<li>2 flamenco singers<\/li>\n<li>1 guitarist<\/li>\n<li>1 percussionist<\/li>\n<li>1 flautist<\/li>\n<\/ul>\n<p>The show is directed by flamenco dancer and choreographer Jes\u00fas Blanco, recipient of the Cultural Merit Award in recognition of his outstanding career in the world of flamenco. His artistic vision respects tradition with passion and depth, creating an intense and honest experience.[\/vc_column_text]<div class=\"spacer\" style=\"height: 20px;\"><\/div>[\/vc_column][\/vc_row][vc_row type=&#8221;full_width_section&#8221;][vc_column width=&#8221;1\/6&#8243;][\/vc_column][vc_column width=&#8221;2\/3&#8243;]<div class=\"video-embed  wpb_content_element\"><iframe title=\"Compa\u00f1\u00eda La Herrer\u00eda\" width=\"1161\" height=\"653\" src=\"https:\/\/www.youtube.com\/embed\/vRaMnAfRk-0?feature=oembed\" frameborder=\"0\" allow=\"accelerometer; autoplay; clipboard-write; encrypted-media; gyroscope; picture-in-picture; web-share\" referrerpolicy=\"strict-origin-when-cross-origin\" allowfullscreen><\/iframe><\/div>[\/vc_column][vc_column width=&#8221;1\/6&#8243;][\/vc_column][\/vc_row][vc_row][vc_column width=&#8221;1\/1&#8243;]<div class=\"spacer\" style=\"height: 40px;\"><\/div>[\/vc_column][\/vc_row][vc_row type=&#8221;full_width_section&#8221;][vc_column width=&#8221;1\/1&#8243;][vc_column_text]<\/p>\n<h2 style=\"text-align: center;\"><span class=\"a_GcMg font-feature-liga-off font-feature-clig-off font-feature-calt-off text-decoration-none text-strikethrough-none\">More than an hour of intensity, emotion and dedication.<\/span><\/h2>\n<p>[\/vc_column_text]<div class=\"spacer\" style=\"height: 5px;\"><\/div>[\/vc_column][\/vc_row][vc_row type=&#8221;full_width_section&#8221;][vc_column width=&#8221;1\/3&#8243;]<div class=\"single_image wpb_content_element align-left    \" data-animation=\"none\" data-delay=\"0\"><img width=\"1900\" height=\"1267\" src=\"https:\/\/tablaolaherreria.com\/wp-content\/uploads\/2017\/08\/2017.05.10-Plaza-de-toros-64.jpg\" class=\"attachment-full\" alt=\"\" loading=\"lazy\" srcset=\"https:\/\/tablaolaherreria.com\/wp-content\/uploads\/2017\/08\/2017.05.10-Plaza-de-toros-64.jpg 1900w, https:\/\/tablaolaherreria.com\/wp-content\/uploads\/2017\/08\/2017.05.10-Plaza-de-toros-64-600x400.jpg 600w, https:\/\/tablaolaherreria.com\/wp-content\/uploads\/2017\/08\/2017.05.10-Plaza-de-toros-64-300x200.jpg 300w, https:\/\/tablaolaherreria.com\/wp-content\/uploads\/2017\/08\/2017.05.10-Plaza-de-toros-64-768x512.jpg 768w, https:\/\/tablaolaherreria.com\/wp-content\/uploads\/2017\/08\/2017.05.10-Plaza-de-toros-64-1024x683.jpg 1024w\" sizes=\"(max-width: 1900px) 100vw, 1900px\" \/><\/div>[\/vc_column][vc_column width=&#8221;1\/3&#8243;]<div class=\"single_image wpb_content_element align-left    \" data-animation=\"none\" data-delay=\"0\"><img width=\"1900\" height=\"1267\" src=\"https:\/\/tablaolaherreria.com\/wp-content\/uploads\/2017\/08\/2017.05.10-Plaza-de-toros-46.jpg\" class=\"attachment-full\" alt=\"\" loading=\"lazy\" srcset=\"https:\/\/tablaolaherreria.com\/wp-content\/uploads\/2017\/08\/2017.05.10-Plaza-de-toros-46.jpg 1900w, https:\/\/tablaolaherreria.com\/wp-content\/uploads\/2017\/08\/2017.05.10-Plaza-de-toros-46-600x400.jpg 600w, https:\/\/tablaolaherreria.com\/wp-content\/uploads\/2017\/08\/2017.05.10-Plaza-de-toros-46-300x200.jpg 300w, https:\/\/tablaolaherreria.com\/wp-content\/uploads\/2017\/08\/2017.05.10-Plaza-de-toros-46-768x512.jpg 768w, https:\/\/tablaolaherreria.com\/wp-content\/uploads\/2017\/08\/2017.05.10-Plaza-de-toros-46-1024x683.jpg 1024w\" sizes=\"(max-width: 1900px) 100vw, 1900px\" \/><\/div>[\/vc_column][vc_column width=&#8221;1\/3&#8243;]<div class=\"single_image wpb_content_element align-left    \" data-animation=\"none\" data-delay=\"0\"><img width=\"1900\" height=\"1267\" src=\"https:\/\/tablaolaherreria.com\/wp-content\/uploads\/2017\/08\/2017.05.10-Plaza-de-toros-45.jpg\" class=\"attachment-full\" alt=\"\" loading=\"lazy\" srcset=\"https:\/\/tablaolaherreria.com\/wp-content\/uploads\/2017\/08\/2017.05.10-Plaza-de-toros-45.jpg 1900w, https:\/\/tablaolaherreria.com\/wp-content\/uploads\/2017\/08\/2017.05.10-Plaza-de-toros-45-600x400.jpg 600w, https:\/\/tablaolaherreria.com\/wp-content\/uploads\/2017\/08\/2017.05.10-Plaza-de-toros-45-300x200.jpg 300w, https:\/\/tablaolaherreria.com\/wp-content\/uploads\/2017\/08\/2017.05.10-Plaza-de-toros-45-768x512.jpg 768w, https:\/\/tablaolaherreria.com\/wp-content\/uploads\/2017\/08\/2017.05.10-Plaza-de-toros-45-1024x683.jpg 1024w\" sizes=\"(max-width: 1900px) 100vw, 1900px\" \/><\/div>[\/vc_column][\/vc_row][vc_row type=&#8221;full_width_section&#8221;][vc_column width=&#8221;1\/3&#8243;]<div class=\"single_image wpb_content_element align-left    \" data-animation=\"none\" data-delay=\"0\"><img width=\"2000\" height=\"1333\" src=\"https:\/\/tablaolaherreria.com\/wp-content\/uploads\/2017\/08\/MG_6929.jpg\" class=\"attachment-full\" alt=\"\" loading=\"lazy\" srcset=\"https:\/\/tablaolaherreria.com\/wp-content\/uploads\/2017\/08\/MG_6929.jpg 2000w, https:\/\/tablaolaherreria.com\/wp-content\/uploads\/2017\/08\/MG_6929-600x400.jpg 600w, https:\/\/tablaolaherreria.com\/wp-content\/uploads\/2017\/08\/MG_6929-300x200.jpg 300w, https:\/\/tablaolaherreria.com\/wp-content\/uploads\/2017\/08\/MG_6929-768x512.jpg 768w, https:\/\/tablaolaherreria.com\/wp-content\/uploads\/2017\/08\/MG_6929-1024x682.jpg 1024w\" sizes=\"(max-width: 2000px) 100vw, 2000px\" \/><\/div>[\/vc_column][vc_column width=&#8221;1\/3&#8243;]<div class=\"single_image wpb_content_element align-left    \" data-animation=\"none\" data-delay=\"0\"><img width=\"1900\" height=\"1267\" src=\"https:\/\/tablaolaherreria.com\/wp-content\/uploads\/2017\/08\/2017.05.10-Plaza-de-toros-40.jpg\" class=\"attachment-full\" alt=\"\" loading=\"lazy\" srcset=\"https:\/\/tablaolaherreria.com\/wp-content\/uploads\/2017\/08\/2017.05.10-Plaza-de-toros-40.jpg 1900w, https:\/\/tablaolaherreria.com\/wp-content\/uploads\/2017\/08\/2017.05.10-Plaza-de-toros-40-600x400.jpg 600w, https:\/\/tablaolaherreria.com\/wp-content\/uploads\/2017\/08\/2017.05.10-Plaza-de-toros-40-300x200.jpg 300w, https:\/\/tablaolaherreria.com\/wp-content\/uploads\/2017\/08\/2017.05.10-Plaza-de-toros-40-768x512.jpg 768w, https:\/\/tablaolaherreria.com\/wp-content\/uploads\/2017\/08\/2017.05.10-Plaza-de-toros-40-1024x683.jpg 1024w\" sizes=\"(max-width: 1900px) 100vw, 1900px\" \/><\/div>[\/vc_column][vc_column width=&#8221;1\/3&#8243;]<div class=\"single_image wpb_content_element align-left    \" data-animation=\"none\" data-delay=\"0\"><img width=\"1900\" height=\"1267\" src=\"https:\/\/tablaolaherreria.com\/wp-content\/uploads\/2017\/08\/2017.05.10-Plaza-de-toros-27.jpg\" class=\"attachment-full\" alt=\"\" loading=\"lazy\" srcset=\"https:\/\/tablaolaherreria.com\/wp-content\/uploads\/2017\/08\/2017.05.10-Plaza-de-toros-27.jpg 1900w, https:\/\/tablaolaherreria.com\/wp-content\/uploads\/2017\/08\/2017.05.10-Plaza-de-toros-27-600x400.jpg 600w, https:\/\/tablaolaherreria.com\/wp-content\/uploads\/2017\/08\/2017.05.10-Plaza-de-toros-27-300x200.jpg 300w, https:\/\/tablaolaherreria.com\/wp-content\/uploads\/2017\/08\/2017.05.10-Plaza-de-toros-27-768x512.jpg 768w, https:\/\/tablaolaherreria.com\/wp-content\/uploads\/2017\/08\/2017.05.10-Plaza-de-toros-27-1024x683.jpg 1024w\" sizes=\"(max-width: 1900px) 100vw, 1900px\" \/><\/div>[\/vc_column][\/vc_row][vc_row][vc_column width=&#8221;1\/1&#8243;]<div class=\"spacer\" style=\"height: 40px;\"><\/div>[\/vc_column][\/vc_row][vc_row type=&#8221;full_width_section&#8221;][vc_column width=&#8221;1\/1&#8243;][vc_column_text]<\/p>\n<h2 style=\"text-align: center;\">Tasting of Iberian products.<\/h2>\n<p>[\/vc_column_text]<div class=\"spacer\" style=\"height: 5px;\"><\/div>[\/vc_column][\/vc_row][vc_row type=&#8221;full_width_section&#8221;][vc_column width=&#8221;1\/3&#8243;]<div class=\"single_image wpb_content_element align-left    \" data-animation=\"none\" data-delay=\"0\"><img width=\"2000\" height=\"1333\" src=\"https:\/\/tablaolaherreria.com\/wp-content\/uploads\/2017\/08\/MG_6752.jpg\" class=\"attachment-full\" alt=\"\" loading=\"lazy\" srcset=\"https:\/\/tablaolaherreria.com\/wp-content\/uploads\/2017\/08\/MG_6752.jpg 2000w, https:\/\/tablaolaherreria.com\/wp-content\/uploads\/2017\/08\/MG_6752-600x400.jpg 600w, https:\/\/tablaolaherreria.com\/wp-content\/uploads\/2017\/08\/MG_6752-300x200.jpg 300w, https:\/\/tablaolaherreria.com\/wp-content\/uploads\/2017\/08\/MG_6752-768x512.jpg 768w, https:\/\/tablaolaherreria.com\/wp-content\/uploads\/2017\/08\/MG_6752-1024x682.jpg 1024w\" sizes=\"(max-width: 2000px) 100vw, 2000px\" \/><\/div>[\/vc_column][vc_column width=&#8221;1\/3&#8243;]<div class=\"single_image wpb_content_element align-left    \" data-animation=\"none\" data-delay=\"0\"><img width=\"2000\" height=\"1333\" src=\"https:\/\/tablaolaherreria.com\/wp-content\/uploads\/2017\/08\/MG_6761.jpg\" class=\"attachment-full\" alt=\"\" loading=\"lazy\" srcset=\"https:\/\/tablaolaherreria.com\/wp-content\/uploads\/2017\/08\/MG_6761.jpg 2000w, https:\/\/tablaolaherreria.com\/wp-content\/uploads\/2017\/08\/MG_6761-600x400.jpg 600w, https:\/\/tablaolaherreria.com\/wp-content\/uploads\/2017\/08\/MG_6761-300x200.jpg 300w, https:\/\/tablaolaherreria.com\/wp-content\/uploads\/2017\/08\/MG_6761-768x512.jpg 768w, https:\/\/tablaolaherreria.com\/wp-content\/uploads\/2017\/08\/MG_6761-1024x682.jpg 1024w\" sizes=\"(max-width: 2000px) 100vw, 2000px\" \/><\/div>[\/vc_column][vc_column width=&#8221;1\/3&#8243;]<div class=\"single_image wpb_content_element align-left    \" data-animation=\"none\" data-delay=\"0\"><img width=\"1900\" height=\"1267\" src=\"https:\/\/tablaolaherreria.com\/wp-content\/uploads\/2017\/08\/MG_6738.jpg\" class=\"attachment-full\" alt=\"\" loading=\"lazy\" srcset=\"https:\/\/tablaolaherreria.com\/wp-content\/uploads\/2017\/08\/MG_6738.jpg 1900w, https:\/\/tablaolaherreria.com\/wp-content\/uploads\/2017\/08\/MG_6738-600x400.jpg 600w, https:\/\/tablaolaherreria.com\/wp-content\/uploads\/2017\/08\/MG_6738-300x200.jpg 300w, https:\/\/tablaolaherreria.com\/wp-content\/uploads\/2017\/08\/MG_6738-768x512.jpg 768w, https:\/\/tablaolaherreria.com\/wp-content\/uploads\/2017\/08\/MG_6738-1024x683.jpg 1024w\" sizes=\"(max-width: 1900px) 100vw, 1900px\" \/><\/div>[\/vc_column][\/vc_row][vc_row][vc_column width=&#8221;1\/1&#8243;]<div class=\"spacer\" style=\"height: 40px;\"><\/div>[\/vc_column][\/vc_row][vc_row type=&#8221;full_width_section&#8221;][vc_column width=&#8221;1\/3&#8243;][\/vc_column][vc_column text_align=&#8221;center&#8221; width=&#8221;1\/3&#8243;]<a href=\"https:\/\/tablaolaherreria.com\/contacto\/\" target=\"_self\" class=\"button button-appear color-1 large \" style=\"border-radius: 2px;\"><span>REQUEST MORE INFORMATION<\/span><\/a>[\/vc_column][vc_column width=&#8221;1\/3&#8243;][\/vc_column][\/vc_row][vc_row][vc_column width=&#8221;1\/1&#8243;]<div class=\"spacer\" style=\"height: 40px;\"><\/div>[\/vc_column][\/vc_row]<\/p>\n","protected":false},"excerpt":{"rendered":"<p>[vc_row][vc_column width=&#8221;1\/2&#8243;][vc_column_text]FLAMENCO ESPA\u00d1A EXPERIENCE is a traditional flamenco show, created for international on-demand tours, that invites audiences to immerse themselves in the most authentic essence of this universal art form. Through song, dance, and live music, the most representative flamenco styles are showcased, revealing our way of expressing ourselves and presenting ourselves to the world. On stage, the audience will enjoy the aesthetic and symbolic richness of flamenco: castanets, fans, shawls, flamenco dresses with long trains, and elegant costumes that accompany each scene with power, elegance, and authenticity. A show designed to feel, understand, and experience flamenco in its purest form. Songs and dances such as the sole\u00e1, alegr\u00edas from C\u00e1diz, tangos from Granada, sevillanas from Seville, seguiriyas, martinete, and buler\u00edas are performed, offering a complete journey through the diversity and soul of flamenco.[\/vc_column_text][\/vc_column][vc_column width=&#8221;1\/2&#8243;][vc_column_text] FLAMENCO ESPA\u00d1A EXPERIENCE Duration: 1 hour and 20 minutes Features 9 artists on stage: 3 female flamenco dancers 1 male flamenco dancer 2 flamenco singers 1 guitarist 1 percussionist 1 flautist The show is directed by flamenco dancer and choreographer Jes\u00fas Blanco, recipient of the Cultural Merit Award in recognition of his outstanding career in the world of flamenco. His artistic vision respects tradition with [&hellip;]<\/p>\n","protected":false},"author":158,"featured_media":0,"parent":0,"menu_order":0,"comment_status":"closed","ping_status":"closed","template":"","meta":[],"yoast_head":"<!-- This site is optimized with the Yoast SEO plugin v18.2 - https:\/\/yoast.com\/wordpress\/plugins\/seo\/ -->\n<meta name=\"description\" content=\"Espa\u00f1a Experience es un espect\u00e1culo \u00fanico en el mundo. Un espect\u00e1culo donde podr\u00e1s vivir la cultura mas famosa de este pa\u00eds. Flamenco Tarragona. La Herrer\u00eda\" \/>\n<meta name=\"robots\" content=\"index, follow, max-snippet:-1, max-image-preview:large, max-video-preview:-1\" \/>\n<link rel=\"canonical\" href=\"https:\/\/tablaolaherreria.com\/en\/flamenco-spain-experience\/\" \/>\n<meta property=\"og:locale\" content=\"en_US\" \/>\n<meta property=\"og:type\" content=\"article\" \/>\n<meta property=\"og:title\" content=\"FLAMENCO ESPA\u00d1A EXPERIENCE - La Herrer\u00eda Tablao flamenco\" \/>\n<meta property=\"og:description\" content=\"Espa\u00f1a Experience es un espect\u00e1culo \u00fanico en el mundo. Un espect\u00e1culo donde podr\u00e1s vivir la cultura mas famosa de este pa\u00eds. Flamenco Tarragona. La Herrer\u00eda\" \/>\n<meta property=\"og:url\" content=\"https:\/\/tablaolaherreria.com\/en\/flamenco-spain-experience\/\" \/>\n<meta property=\"og:site_name\" content=\"La Herrer\u00eda Tablao flamenco\" \/>\n<meta property=\"article:modified_time\" content=\"2026-03-01T01:28:29+00:00\" \/>\n<meta name=\"twitter:card\" content=\"summary\" \/>\n<meta name=\"twitter:label1\" content=\"Est. reading time\" \/>\n\t<meta name=\"twitter:data1\" content=\"2 minutes\" \/>\n<script type=\"application\/ld+json\" class=\"yoast-schema-graph\">{\"@context\":\"https:\/\/schema.org\",\"@graph\":[{\"@type\":\"Organization\",\"@id\":\"https:\/\/tablaolaherreria.com\/#organization\",\"name\":\"La Herrer\u00eda\",\"url\":\"https:\/\/tablaolaherreria.com\/\",\"sameAs\":[],\"logo\":{\"@type\":\"ImageObject\",\"@id\":\"https:\/\/tablaolaherreria.com\/#logo\",\"inLanguage\":\"en-US\",\"url\":\"https:\/\/tablaolaherreria.com\/wp-content\/uploads\/2016\/06\/Logo-copy-1.png\",\"contentUrl\":\"https:\/\/tablaolaherreria.com\/wp-content\/uploads\/2016\/06\/Logo-copy-1.png\",\"width\":800,\"height\":272,\"caption\":\"La Herrer\u00eda\"},\"image\":{\"@id\":\"https:\/\/tablaolaherreria.com\/#logo\"}},{\"@type\":\"WebSite\",\"@id\":\"https:\/\/tablaolaherreria.com\/#website\",\"url\":\"https:\/\/tablaolaherreria.com\/\",\"name\":\"La Herrer\u00eda Tablao flamenco\",\"description\":\"Tablao Flamenco Tarragona\",\"publisher\":{\"@id\":\"https:\/\/tablaolaherreria.com\/#organization\"},\"potentialAction\":[{\"@type\":\"SearchAction\",\"target\":{\"@type\":\"EntryPoint\",\"urlTemplate\":\"https:\/\/tablaolaherreria.com\/?s={search_term_string}\"},\"query-input\":\"required name=search_term_string\"}],\"inLanguage\":\"en-US\"},{\"@type\":\"WebPage\",\"@id\":\"https:\/\/tablaolaherreria.com\/en\/flamenco-spain-experience\/#webpage\",\"url\":\"https:\/\/tablaolaherreria.com\/en\/flamenco-spain-experience\/\",\"name\":\"FLAMENCO ESPA\u00d1A EXPERIENCE - La Herrer\u00eda Tablao flamenco\",\"isPartOf\":{\"@id\":\"https:\/\/tablaolaherreria.com\/#website\"},\"datePublished\":\"2017-08-03T08:19:52+00:00\",\"dateModified\":\"2026-03-01T01:28:29+00:00\",\"description\":\"Espa\u00f1a Experience es un espect\u00e1culo \u00fanico en el mundo. Un espect\u00e1culo donde podr\u00e1s vivir la cultura mas famosa de este pa\u00eds. Flamenco Tarragona. La Herrer\u00eda\",\"breadcrumb\":{\"@id\":\"https:\/\/tablaolaherreria.com\/en\/flamenco-spain-experience\/#breadcrumb\"},\"inLanguage\":\"en-US\",\"potentialAction\":[{\"@type\":\"ReadAction\",\"target\":[\"https:\/\/tablaolaherreria.com\/en\/flamenco-spain-experience\/\"]}]},{\"@type\":\"BreadcrumbList\",\"@id\":\"https:\/\/tablaolaherreria.com\/en\/flamenco-spain-experience\/#breadcrumb\",\"itemListElement\":[{\"@type\":\"ListItem\",\"position\":1,\"name\":\"Portada\",\"item\":\"https:\/\/tablaolaherreria.com\/en\/\"},{\"@type\":\"ListItem\",\"position\":2,\"name\":\"FLAMENCO ESPA\u00d1A EXPERIENCE\"}]}]}<\/script>\n<!-- \/ Yoast SEO plugin. -->","yoast_head_json":{"description":"Espa\u00f1a Experience es un espect\u00e1culo \u00fanico en el mundo. Un espect\u00e1culo donde podr\u00e1s vivir la cultura mas famosa de este pa\u00eds. Flamenco Tarragona. La Herrer\u00eda","robots":{"index":"index","follow":"follow","max-snippet":"max-snippet:-1","max-image-preview":"max-image-preview:large","max-video-preview":"max-video-preview:-1"},"canonical":"https:\/\/tablaolaherreria.com\/en\/flamenco-spain-experience\/","og_locale":"en_US","og_type":"article","og_title":"FLAMENCO ESPA\u00d1A EXPERIENCE - La Herrer\u00eda Tablao flamenco","og_description":"Espa\u00f1a Experience es un espect\u00e1culo \u00fanico en el mundo. Un espect\u00e1culo donde podr\u00e1s vivir la cultura mas famosa de este pa\u00eds. Flamenco Tarragona. La Herrer\u00eda","og_url":"https:\/\/tablaolaherreria.com\/en\/flamenco-spain-experience\/","og_site_name":"La Herrer\u00eda Tablao flamenco","article_modified_time":"2026-03-01T01:28:29+00:00","twitter_card":"summary","twitter_misc":{"Est. reading time":"2 minutes"},"schema":{"@context":"https:\/\/schema.org","@graph":[{"@type":"Organization","@id":"https:\/\/tablaolaherreria.com\/#organization","name":"La Herrer\u00eda","url":"https:\/\/tablaolaherreria.com\/","sameAs":[],"logo":{"@type":"ImageObject","@id":"https:\/\/tablaolaherreria.com\/#logo","inLanguage":"en-US","url":"https:\/\/tablaolaherreria.com\/wp-content\/uploads\/2016\/06\/Logo-copy-1.png","contentUrl":"https:\/\/tablaolaherreria.com\/wp-content\/uploads\/2016\/06\/Logo-copy-1.png","width":800,"height":272,"caption":"La Herrer\u00eda"},"image":{"@id":"https:\/\/tablaolaherreria.com\/#logo"}},{"@type":"WebSite","@id":"https:\/\/tablaolaherreria.com\/#website","url":"https:\/\/tablaolaherreria.com\/","name":"La Herrer\u00eda Tablao flamenco","description":"Tablao Flamenco Tarragona","publisher":{"@id":"https:\/\/tablaolaherreria.com\/#organization"},"potentialAction":[{"@type":"SearchAction","target":{"@type":"EntryPoint","urlTemplate":"https:\/\/tablaolaherreria.com\/?s={search_term_string}"},"query-input":"required name=search_term_string"}],"inLanguage":"en-US"},{"@type":"WebPage","@id":"https:\/\/tablaolaherreria.com\/en\/flamenco-spain-experience\/#webpage","url":"https:\/\/tablaolaherreria.com\/en\/flamenco-spain-experience\/","name":"FLAMENCO ESPA\u00d1A EXPERIENCE - La Herrer\u00eda Tablao flamenco","isPartOf":{"@id":"https:\/\/tablaolaherreria.com\/#website"},"datePublished":"2017-08-03T08:19:52+00:00","dateModified":"2026-03-01T01:28:29+00:00","description":"Espa\u00f1a Experience es un espect\u00e1culo \u00fanico en el mundo. Un espect\u00e1culo donde podr\u00e1s vivir la cultura mas famosa de este pa\u00eds. Flamenco Tarragona. La Herrer\u00eda","breadcrumb":{"@id":"https:\/\/tablaolaherreria.com\/en\/flamenco-spain-experience\/#breadcrumb"},"inLanguage":"en-US","potentialAction":[{"@type":"ReadAction","target":["https:\/\/tablaolaherreria.com\/en\/flamenco-spain-experience\/"]}]},{"@type":"BreadcrumbList","@id":"https:\/\/tablaolaherreria.com\/en\/flamenco-spain-experience\/#breadcrumb","itemListElement":[{"@type":"ListItem","position":1,"name":"Portada","item":"https:\/\/tablaolaherreria.com\/en\/"},{"@type":"ListItem","position":2,"name":"FLAMENCO ESPA\u00d1A EXPERIENCE"}]}]}},"_links":{"self":[{"href":"https:\/\/tablaolaherreria.com\/en\/wp-json\/wp\/v2\/pages\/15802"}],"collection":[{"href":"https:\/\/tablaolaherreria.com\/en\/wp-json\/wp\/v2\/pages"}],"about":[{"href":"https:\/\/tablaolaherreria.com\/en\/wp-json\/wp\/v2\/types\/page"}],"author":[{"embeddable":true,"href":"https:\/\/tablaolaherreria.com\/en\/wp-json\/wp\/v2\/users\/158"}],"replies":[{"embeddable":true,"href":"https:\/\/tablaolaherreria.com\/en\/wp-json\/wp\/v2\/comments?post=15802"}],"version-history":[{"count":25,"href":"https:\/\/tablaolaherreria.com\/en\/wp-json\/wp\/v2\/pages\/15802\/revisions"}],"predecessor-version":[{"id":21476,"href":"https:\/\/tablaolaherreria.com\/en\/wp-json\/wp\/v2\/pages\/15802\/revisions\/21476"}],"wp:attachment":[{"href":"https:\/\/tablaolaherreria.com\/en\/wp-json\/wp\/v2\/media?parent=15802"}],"curies":[{"name":"wp","href":"https:\/\/api.w.org\/{rel}","templated":true}]}}