{"id":1665,"date":"2017-02-14T18:28:05","date_gmt":"2017-02-14T18:28:05","guid":{"rendered":"https:\/\/tablaolaherreria.com\/?page_id=1665&#038;lang=en"},"modified":"2019-04-19T11:26:00","modified_gmt":"2019-04-19T10:26:00","slug":"la-herreria-tablao-flamenco-in-tarragona","status":"publish","type":"page","link":"https:\/\/tablaolaherreria.com\/en\/","title":{"rendered":"La Herrer\u00eda Tablao flamenco in Tarragona"},"content":{"rendered":"<p>[vc_row][vc_column width=&#8221;1\/1&#8243;][rev_slider_vc alias=&#8221;home&#8221;][\/vc_column][\/vc_row]<\/p>\n","protected":false},"excerpt":{"rendered":"<p>[vc_row][vc_column width=&#8221;1\/1&#8243;][rev_slider_vc alias=&#8221;home&#8221;][\/vc_column][\/vc_row]<\/p>\n","protected":false},"author":158,"featured_media":957,"parent":0,"menu_order":0,"comment_status":"open","ping_status":"closed","template":"","meta":[],"yoast_head":"<!-- This site is optimized with the Yoast SEO plugin v18.2 - https:\/\/yoast.com\/wordpress\/plugins\/seo\/ -->\n<meta name=\"description\" content=\"La Herrer\u00eda the best place to enjoy the real art of Flamenco. La Herrer\u00eda Tablao flamenco in Tarragona. The best traditional show in the city.\" \/>\n<meta name=\"robots\" content=\"index, follow, max-snippet:-1, max-image-preview:large, max-video-preview:-1\" \/>\n<link rel=\"canonical\" href=\"https:\/\/tablaolaherreria.com\/en\/\" \/>\n<meta property=\"og:locale\" content=\"en_US\" \/>\n<meta property=\"og:type\" content=\"article\" \/>\n<meta property=\"og:title\" content=\"La Herrer\u00eda, the original Tablao flamenco in Tarragona, Costa Daurada\" \/>\n<meta property=\"og:description\" content=\"La Herrer\u00eda the best place to enjoy the real art of Flamenco. La Herrer\u00eda Tablao flamenco in Tarragona. The best traditional show in the city.\" \/>\n<meta property=\"og:url\" content=\"https:\/\/tablaolaherreria.com\/en\/\" \/>\n<meta property=\"og:site_name\" content=\"La Herrer\u00eda Tablao flamenco\" \/>\n<meta property=\"article:modified_time\" content=\"2019-04-19T10:26:00+00:00\" \/>\n<meta property=\"og:image\" content=\"https:\/\/tablaolaherreria.com\/wp-content\/uploads\/2015\/05\/Marina-Bautista-1-copy.jpg\" \/>\n\t<meta property=\"og:image:width\" content=\"1920\" \/>\n\t<meta property=\"og:image:height\" content=\"1280\" \/>\n\t<meta property=\"og:image:type\" content=\"image\/jpeg\" \/>\n<meta name=\"twitter:card\" content=\"summary\" \/>\n<script type=\"application\/ld+json\" class=\"yoast-schema-graph\">{\"@context\":\"https:\/\/schema.org\",\"@graph\":[{\"@type\":\"Organization\",\"@id\":\"https:\/\/tablaolaherreria.com\/#organization\",\"name\":\"La Herrer\u00eda\",\"url\":\"https:\/\/tablaolaherreria.com\/\",\"sameAs\":[],\"logo\":{\"@type\":\"ImageObject\",\"@id\":\"https:\/\/tablaolaherreria.com\/#logo\",\"inLanguage\":\"en-US\",\"url\":\"https:\/\/tablaolaherreria.com\/wp-content\/uploads\/2016\/06\/Logo-copy-1.png\",\"contentUrl\":\"https:\/\/tablaolaherreria.com\/wp-content\/uploads\/2016\/06\/Logo-copy-1.png\",\"width\":800,\"height\":272,\"caption\":\"La Herrer\u00eda\"},\"image\":{\"@id\":\"https:\/\/tablaolaherreria.com\/#logo\"}},{\"@type\":\"WebSite\",\"@id\":\"https:\/\/tablaolaherreria.com\/#website\",\"url\":\"https:\/\/tablaolaherreria.com\/\",\"name\":\"La Herrer\u00eda Tablao flamenco\",\"description\":\"Tablao Flamenco Tarragona\",\"publisher\":{\"@id\":\"https:\/\/tablaolaherreria.com\/#organization\"},\"potentialAction\":[{\"@type\":\"SearchAction\",\"target\":{\"@type\":\"EntryPoint\",\"urlTemplate\":\"https:\/\/tablaolaherreria.com\/?s={search_term_string}\"},\"query-input\":\"required name=search_term_string\"}],\"inLanguage\":\"en-US\"},{\"@type\":\"ImageObject\",\"@id\":\"https:\/\/tablaolaherreria.com\/en\/#primaryimage\",\"inLanguage\":\"en-US\",\"url\":\"https:\/\/tablaolaherreria.com\/wp-content\/uploads\/2015\/05\/Marina-Bautista-1-copy.jpg\",\"contentUrl\":\"https:\/\/tablaolaherreria.com\/wp-content\/uploads\/2015\/05\/Marina-Bautista-1-copy.jpg\",\"width\":1920,\"height\":1280},{\"@type\":\"WebPage\",\"@id\":\"https:\/\/tablaolaherreria.com\/en\/#webpage\",\"url\":\"https:\/\/tablaolaherreria.com\/en\/\",\"name\":\"La Herrer\u00eda, the original Tablao flamenco in Tarragona, Costa Daurada\",\"isPartOf\":{\"@id\":\"https:\/\/tablaolaherreria.com\/#website\"},\"primaryImageOfPage\":{\"@id\":\"https:\/\/tablaolaherreria.com\/en\/#primaryimage\"},\"datePublished\":\"2017-02-14T18:28:05+00:00\",\"dateModified\":\"2019-04-19T10:26:00+00:00\",\"description\":\"La Herrer\u00eda the best place to enjoy the real art of Flamenco. La Herrer\u00eda Tablao flamenco in Tarragona. The best traditional show in the city.\",\"breadcrumb\":{\"@id\":\"https:\/\/tablaolaherreria.com\/en\/#breadcrumb\"},\"inLanguage\":\"en-US\",\"potentialAction\":[{\"@type\":\"ReadAction\",\"target\":[\"https:\/\/tablaolaherreria.com\/en\/\"]}]},{\"@type\":\"BreadcrumbList\",\"@id\":\"https:\/\/tablaolaherreria.com\/en\/#breadcrumb\",\"itemListElement\":[{\"@type\":\"ListItem\",\"position\":1,\"name\":\"Portada\",\"item\":\"https:\/\/tablaolaherreria.com\/en\/\"},{\"@type\":\"ListItem\",\"position\":2,\"name\":\"La Herrer\u00eda Tablao flamenco in Tarragona\"}]}]}<\/script>\n<!-- \/ Yoast SEO plugin. -->","yoast_head_json":{"description":"La Herrer\u00eda the best place to enjoy the real art of Flamenco. La Herrer\u00eda Tablao flamenco in Tarragona. The best traditional show in the city.","robots":{"index":"index","follow":"follow","max-snippet":"max-snippet:-1","max-image-preview":"max-image-preview:large","max-video-preview":"max-video-preview:-1"},"canonical":"https:\/\/tablaolaherreria.com\/en\/","og_locale":"en_US","og_type":"article","og_title":"La Herrer\u00eda, the original Tablao flamenco in Tarragona, Costa Daurada","og_description":"La Herrer\u00eda the best place to enjoy the real art of Flamenco. La Herrer\u00eda Tablao flamenco in Tarragona. The best traditional show in the city.","og_url":"https:\/\/tablaolaherreria.com\/en\/","og_site_name":"La Herrer\u00eda Tablao flamenco","article_modified_time":"2019-04-19T10:26:00+00:00","og_image":[{"width":1920,"height":1280,"url":"https:\/\/tablaolaherreria.com\/wp-content\/uploads\/2015\/05\/Marina-Bautista-1-copy.jpg","type":"image\/jpeg"}],"twitter_card":"summary","schema":{"@context":"https:\/\/schema.org","@graph":[{"@type":"Organization","@id":"https:\/\/tablaolaherreria.com\/#organization","name":"La Herrer\u00eda","url":"https:\/\/tablaolaherreria.com\/","sameAs":[],"logo":{"@type":"ImageObject","@id":"https:\/\/tablaolaherreria.com\/#logo","inLanguage":"en-US","url":"https:\/\/tablaolaherreria.com\/wp-content\/uploads\/2016\/06\/Logo-copy-1.png","contentUrl":"https:\/\/tablaolaherreria.com\/wp-content\/uploads\/2016\/06\/Logo-copy-1.png","width":800,"height":272,"caption":"La Herrer\u00eda"},"image":{"@id":"https:\/\/tablaolaherreria.com\/#logo"}},{"@type":"WebSite","@id":"https:\/\/tablaolaherreria.com\/#website","url":"https:\/\/tablaolaherreria.com\/","name":"La Herrer\u00eda Tablao flamenco","description":"Tablao Flamenco Tarragona","publisher":{"@id":"https:\/\/tablaolaherreria.com\/#organization"},"potentialAction":[{"@type":"SearchAction","target":{"@type":"EntryPoint","urlTemplate":"https:\/\/tablaolaherreria.com\/?s={search_term_string}"},"query-input":"required name=search_term_string"}],"inLanguage":"en-US"},{"@type":"ImageObject","@id":"https:\/\/tablaolaherreria.com\/en\/#primaryimage","inLanguage":"en-US","url":"https:\/\/tablaolaherreria.com\/wp-content\/uploads\/2015\/05\/Marina-Bautista-1-copy.jpg","contentUrl":"https:\/\/tablaolaherreria.com\/wp-content\/uploads\/2015\/05\/Marina-Bautista-1-copy.jpg","width":1920,"height":1280},{"@type":"WebPage","@id":"https:\/\/tablaolaherreria.com\/en\/#webpage","url":"https:\/\/tablaolaherreria.com\/en\/","name":"La Herrer\u00eda, the original Tablao flamenco in Tarragona, Costa Daurada","isPartOf":{"@id":"https:\/\/tablaolaherreria.com\/#website"},"primaryImageOfPage":{"@id":"https:\/\/tablaolaherreria.com\/en\/#primaryimage"},"datePublished":"2017-02-14T18:28:05+00:00","dateModified":"2019-04-19T10:26:00+00:00","description":"La Herrer\u00eda the best place to enjoy the real art of Flamenco. La Herrer\u00eda Tablao flamenco in Tarragona. The best traditional show in the city.","breadcrumb":{"@id":"https:\/\/tablaolaherreria.com\/en\/#breadcrumb"},"inLanguage":"en-US","potentialAction":[{"@type":"ReadAction","target":["https:\/\/tablaolaherreria.com\/en\/"]}]},{"@type":"BreadcrumbList","@id":"https:\/\/tablaolaherreria.com\/en\/#breadcrumb","itemListElement":[{"@type":"ListItem","position":1,"name":"Portada","item":"https:\/\/tablaolaherreria.com\/en\/"},{"@type":"ListItem","position":2,"name":"La Herrer\u00eda Tablao flamenco in Tarragona"}]}]}},"_links":{"self":[{"href":"https:\/\/tablaolaherreria.com\/en\/wp-json\/wp\/v2\/pages\/1665"}],"collection":[{"href":"https:\/\/tablaolaherreria.com\/en\/wp-json\/wp\/v2\/pages"}],"about":[{"href":"https:\/\/tablaolaherreria.com\/en\/wp-json\/wp\/v2\/types\/page"}],"author":[{"embeddable":true,"href":"https:\/\/tablaolaherreria.com\/en\/wp-json\/wp\/v2\/users\/158"}],"replies":[{"embeddable":true,"href":"https:\/\/tablaolaherreria.com\/en\/wp-json\/wp\/v2\/comments?post=1665"}],"version-history":[{"count":2,"href":"https:\/\/tablaolaherreria.com\/en\/wp-json\/wp\/v2\/pages\/1665\/revisions"}],"predecessor-version":[{"id":15562,"href":"https:\/\/tablaolaherreria.com\/en\/wp-json\/wp\/v2\/pages\/1665\/revisions\/15562"}],"wp:featuredmedia":[{"embeddable":true,"href":"https:\/\/tablaolaherreria.com\/en\/wp-json\/wp\/v2\/media\/957"}],"wp:attachment":[{"href":"https:\/\/tablaolaherreria.com\/en\/wp-json\/wp\/v2\/media?parent=1665"}],"curies":[{"name":"wp","href":"https:\/\/api.w.org\/{rel}","templated":true}]}}