{"id":1672,"date":"2017-02-14T18:46:37","date_gmt":"2017-02-14T18:46:37","guid":{"rendered":"https:\/\/tablaolaherreria.com\/en\/?page_id=1672"},"modified":"2017-04-28T16:40:42","modified_gmt":"2017-04-28T16:40:42","slug":"la-herreria","status":"publish","type":"page","link":"https:\/\/tablaolaherreria.com\/en\/la-herreria\/","title":{"rendered":"La Herrer\u00eda"},"content":{"rendered":"<p>[vc_row][vc_column][vc_column_text]<\/p>\n<p style=\"text-align: left;\">&#8220;La Herrer\u00eda&#8221; is one of those unique and magic places, with a different energy which makes everyone near it live an unforgettable experience. Places like this are called temples&#8230;<\/p>\n<p style=\"text-align: left;\">&#8220;La Herrer\u00eda&#8221; is one of those temples where you can breathe the art of flamenco to its maximum expression and where the connexion between audience and artist is complete. A place where the respect to this art is so big that any artist taking stage can feel it immediately.<\/p>\n<p style=\"text-align: left;\">Here, the best artists of the current flamenco world come together.<\/p>\n<p style=\"text-align: left;\">That is why Tablao flamenco &#8220;La Herrer\u00eda&#8221; is not a common place&#8230;.<\/p>\n<p style=\"text-align: center;\">\u2026<em>\u00a0&#8230;it is where dreams are shapped<\/em>\u2026<\/p>\n<p style=\"text-align: left;\"><strong>The reason for &#8220;La Herrer\u00eda\u201d\u00a0<\/strong><\/p>\n<p style=\"text-align: left;\">La Herrer\u00eda takes its name after the cantes de fragua (songs from the blacksmiths), in which blacksmiths sang by the burning forge, hitting the anvil with their hammer in their hands, shaping the material&#8230;. iron.<\/p>\n<p style=\"text-align: left;\">Moreover&#8230;. I am Jes\u00fas Blanco, flamenco dancer and, as my father, blacksmith. That is why I chose the name, as an homage in life to my father and with the intention of continuing the family business through the river of molten iron which brings together both paths, iron and art, down to the soul&#8230;.<\/p>\n<p>\u00a0[\/vc_column_text][\/vc_column][\/vc_row]<\/p>\n","protected":false},"excerpt":{"rendered":"<p>[vc_row][vc_column][vc_column_text] &#8220;La Herrer\u00eda&#8221; is one of those unique and magic places, with a different energy which makes everyone near it live an unforgettable experience. Places like this are called temples&#8230; &#8220;La Herrer\u00eda&#8221; is one of those temples where you can breathe the art of flamenco to its maximum expression and where the connexion between audience and artist is complete. A place where the respect to this art is so big that any artist taking stage can feel it immediately. Here, the best artists of the current flamenco world come together. That is why Tablao flamenco &#8220;La Herrer\u00eda&#8221; is not a common place&#8230;. \u2026\u00a0&#8230;it is where dreams are shapped\u2026 The reason for &#8220;La Herrer\u00eda\u201d\u00a0 La Herrer\u00eda takes its name after the cantes de fragua (songs from the blacksmiths), in which blacksmiths sang by the burning forge, hitting the anvil with their hammer in their hands, shaping the material&#8230;. iron. Moreover&#8230;. I am Jes\u00fas Blanco, flamenco dancer and, as my father, blacksmith. That is why I chose the name, as an homage in life to my father and with the intention of continuing the family business through the river of molten iron which brings together both paths, iron and art, down to [&hellip;]<\/p>\n","protected":false},"author":158,"featured_media":1161,"parent":0,"menu_order":0,"comment_status":"closed","ping_status":"closed","template":"","meta":[],"yoast_head":"<!-- This site is optimized with the Yoast SEO plugin v18.2 - https:\/\/yoast.com\/wordpress\/plugins\/seo\/ -->\n<meta name=\"description\" content=\"&quot;La Herrer\u00eda&quot; is one of those temples where you can breathe the art of flamenco to its maximum expression. La Herrer\u00eda Jes\u00fas Blanco.\" \/>\n<meta name=\"robots\" content=\"index, follow, max-snippet:-1, max-image-preview:large, max-video-preview:-1\" \/>\n<link rel=\"canonical\" href=\"https:\/\/tablaolaherreria.com\/en\/la-herreria\/\" \/>\n<meta property=\"og:locale\" content=\"en_US\" \/>\n<meta property=\"og:type\" content=\"article\" \/>\n<meta property=\"og:title\" content=\"La Herrer\u00eda - La Herrer\u00eda Tablao flamenco\" \/>\n<meta property=\"og:description\" content=\"&quot;La Herrer\u00eda&quot; is one of those temples where you can breathe the art of flamenco to its maximum expression. La Herrer\u00eda Jes\u00fas Blanco.\" \/>\n<meta property=\"og:url\" content=\"https:\/\/tablaolaherreria.com\/en\/la-herreria\/\" \/>\n<meta property=\"og:site_name\" content=\"La Herrer\u00eda Tablao flamenco\" \/>\n<meta property=\"article:modified_time\" content=\"2017-04-28T16:40:42+00:00\" \/>\n<meta property=\"og:image\" content=\"https:\/\/tablaolaherreria.com\/wp-content\/uploads\/2016\/08\/K9A3031.jpg\" \/>\n\t<meta property=\"og:image:width\" content=\"1920\" \/>\n\t<meta property=\"og:image:height\" content=\"1280\" \/>\n\t<meta property=\"og:image:type\" content=\"image\/jpeg\" \/>\n<meta name=\"twitter:card\" content=\"summary\" \/>\n<meta name=\"twitter:label1\" content=\"Est. reading time\" \/>\n\t<meta name=\"twitter:data1\" content=\"1 minute\" \/>\n<script type=\"application\/ld+json\" class=\"yoast-schema-graph\">{\"@context\":\"https:\/\/schema.org\",\"@graph\":[{\"@type\":\"Organization\",\"@id\":\"https:\/\/tablaolaherreria.com\/#organization\",\"name\":\"La Herrer\u00eda\",\"url\":\"https:\/\/tablaolaherreria.com\/\",\"sameAs\":[],\"logo\":{\"@type\":\"ImageObject\",\"@id\":\"https:\/\/tablaolaherreria.com\/#logo\",\"inLanguage\":\"en-US\",\"url\":\"https:\/\/tablaolaherreria.com\/wp-content\/uploads\/2016\/06\/Logo-copy-1.png\",\"contentUrl\":\"https:\/\/tablaolaherreria.com\/wp-content\/uploads\/2016\/06\/Logo-copy-1.png\",\"width\":800,\"height\":272,\"caption\":\"La Herrer\u00eda\"},\"image\":{\"@id\":\"https:\/\/tablaolaherreria.com\/#logo\"}},{\"@type\":\"WebSite\",\"@id\":\"https:\/\/tablaolaherreria.com\/#website\",\"url\":\"https:\/\/tablaolaherreria.com\/\",\"name\":\"La Herrer\u00eda Tablao flamenco\",\"description\":\"Tablao Flamenco Tarragona\",\"publisher\":{\"@id\":\"https:\/\/tablaolaherreria.com\/#organization\"},\"potentialAction\":[{\"@type\":\"SearchAction\",\"target\":{\"@type\":\"EntryPoint\",\"urlTemplate\":\"https:\/\/tablaolaherreria.com\/?s={search_term_string}\"},\"query-input\":\"required name=search_term_string\"}],\"inLanguage\":\"en-US\"},{\"@type\":\"ImageObject\",\"@id\":\"https:\/\/tablaolaherreria.com\/en\/la-herreria\/#primaryimage\",\"inLanguage\":\"en-US\",\"url\":\"https:\/\/tablaolaherreria.com\/wp-content\/uploads\/2016\/08\/K9A3031.jpg\",\"contentUrl\":\"https:\/\/tablaolaherreria.com\/wp-content\/uploads\/2016\/08\/K9A3031.jpg\",\"width\":1920,\"height\":1280},{\"@type\":\"WebPage\",\"@id\":\"https:\/\/tablaolaherreria.com\/en\/la-herreria\/#webpage\",\"url\":\"https:\/\/tablaolaherreria.com\/en\/la-herreria\/\",\"name\":\"La Herrer\u00eda - La Herrer\u00eda Tablao flamenco\",\"isPartOf\":{\"@id\":\"https:\/\/tablaolaherreria.com\/#website\"},\"primaryImageOfPage\":{\"@id\":\"https:\/\/tablaolaherreria.com\/en\/la-herreria\/#primaryimage\"},\"datePublished\":\"2017-02-14T18:46:37+00:00\",\"dateModified\":\"2017-04-28T16:40:42+00:00\",\"description\":\"\\\"La Herrer\u00eda\\\" is one of those temples where you can breathe the art of flamenco to its maximum expression. La Herrer\u00eda Jes\u00fas Blanco.\",\"breadcrumb\":{\"@id\":\"https:\/\/tablaolaherreria.com\/en\/la-herreria\/#breadcrumb\"},\"inLanguage\":\"en-US\",\"potentialAction\":[{\"@type\":\"ReadAction\",\"target\":[\"https:\/\/tablaolaherreria.com\/en\/la-herreria\/\"]}]},{\"@type\":\"BreadcrumbList\",\"@id\":\"https:\/\/tablaolaherreria.com\/en\/la-herreria\/#breadcrumb\",\"itemListElement\":[{\"@type\":\"ListItem\",\"position\":1,\"name\":\"Portada\",\"item\":\"https:\/\/tablaolaherreria.com\/en\/\"},{\"@type\":\"ListItem\",\"position\":2,\"name\":\"La Herrer\u00eda\"}]}]}<\/script>\n<!-- \/ Yoast SEO plugin. -->","yoast_head_json":{"description":"\"La Herrer\u00eda\" is one of those temples where you can breathe the art of flamenco to its maximum expression. La Herrer\u00eda Jes\u00fas Blanco.","robots":{"index":"index","follow":"follow","max-snippet":"max-snippet:-1","max-image-preview":"max-image-preview:large","max-video-preview":"max-video-preview:-1"},"canonical":"https:\/\/tablaolaherreria.com\/en\/la-herreria\/","og_locale":"en_US","og_type":"article","og_title":"La Herrer\u00eda - La Herrer\u00eda Tablao flamenco","og_description":"\"La Herrer\u00eda\" is one of those temples where you can breathe the art of flamenco to its maximum expression. La Herrer\u00eda Jes\u00fas Blanco.","og_url":"https:\/\/tablaolaherreria.com\/en\/la-herreria\/","og_site_name":"La Herrer\u00eda Tablao flamenco","article_modified_time":"2017-04-28T16:40:42+00:00","og_image":[{"width":1920,"height":1280,"url":"https:\/\/tablaolaherreria.com\/wp-content\/uploads\/2016\/08\/K9A3031.jpg","type":"image\/jpeg"}],"twitter_card":"summary","twitter_misc":{"Est. reading time":"1 minute"},"schema":{"@context":"https:\/\/schema.org","@graph":[{"@type":"Organization","@id":"https:\/\/tablaolaherreria.com\/#organization","name":"La Herrer\u00eda","url":"https:\/\/tablaolaherreria.com\/","sameAs":[],"logo":{"@type":"ImageObject","@id":"https:\/\/tablaolaherreria.com\/#logo","inLanguage":"en-US","url":"https:\/\/tablaolaherreria.com\/wp-content\/uploads\/2016\/06\/Logo-copy-1.png","contentUrl":"https:\/\/tablaolaherreria.com\/wp-content\/uploads\/2016\/06\/Logo-copy-1.png","width":800,"height":272,"caption":"La Herrer\u00eda"},"image":{"@id":"https:\/\/tablaolaherreria.com\/#logo"}},{"@type":"WebSite","@id":"https:\/\/tablaolaherreria.com\/#website","url":"https:\/\/tablaolaherreria.com\/","name":"La Herrer\u00eda Tablao flamenco","description":"Tablao Flamenco Tarragona","publisher":{"@id":"https:\/\/tablaolaherreria.com\/#organization"},"potentialAction":[{"@type":"SearchAction","target":{"@type":"EntryPoint","urlTemplate":"https:\/\/tablaolaherreria.com\/?s={search_term_string}"},"query-input":"required name=search_term_string"}],"inLanguage":"en-US"},{"@type":"ImageObject","@id":"https:\/\/tablaolaherreria.com\/en\/la-herreria\/#primaryimage","inLanguage":"en-US","url":"https:\/\/tablaolaherreria.com\/wp-content\/uploads\/2016\/08\/K9A3031.jpg","contentUrl":"https:\/\/tablaolaherreria.com\/wp-content\/uploads\/2016\/08\/K9A3031.jpg","width":1920,"height":1280},{"@type":"WebPage","@id":"https:\/\/tablaolaherreria.com\/en\/la-herreria\/#webpage","url":"https:\/\/tablaolaherreria.com\/en\/la-herreria\/","name":"La Herrer\u00eda - La Herrer\u00eda Tablao flamenco","isPartOf":{"@id":"https:\/\/tablaolaherreria.com\/#website"},"primaryImageOfPage":{"@id":"https:\/\/tablaolaherreria.com\/en\/la-herreria\/#primaryimage"},"datePublished":"2017-02-14T18:46:37+00:00","dateModified":"2017-04-28T16:40:42+00:00","description":"\"La Herrer\u00eda\" is one of those temples where you can breathe the art of flamenco to its maximum expression. La Herrer\u00eda Jes\u00fas Blanco.","breadcrumb":{"@id":"https:\/\/tablaolaherreria.com\/en\/la-herreria\/#breadcrumb"},"inLanguage":"en-US","potentialAction":[{"@type":"ReadAction","target":["https:\/\/tablaolaherreria.com\/en\/la-herreria\/"]}]},{"@type":"BreadcrumbList","@id":"https:\/\/tablaolaherreria.com\/en\/la-herreria\/#breadcrumb","itemListElement":[{"@type":"ListItem","position":1,"name":"Portada","item":"https:\/\/tablaolaherreria.com\/en\/"},{"@type":"ListItem","position":2,"name":"La Herrer\u00eda"}]}]}},"_links":{"self":[{"href":"https:\/\/tablaolaherreria.com\/en\/wp-json\/wp\/v2\/pages\/1672"}],"collection":[{"href":"https:\/\/tablaolaherreria.com\/en\/wp-json\/wp\/v2\/pages"}],"about":[{"href":"https:\/\/tablaolaherreria.com\/en\/wp-json\/wp\/v2\/types\/page"}],"author":[{"embeddable":true,"href":"https:\/\/tablaolaherreria.com\/en\/wp-json\/wp\/v2\/users\/158"}],"replies":[{"embeddable":true,"href":"https:\/\/tablaolaherreria.com\/en\/wp-json\/wp\/v2\/comments?post=1672"}],"version-history":[{"count":3,"href":"https:\/\/tablaolaherreria.com\/en\/wp-json\/wp\/v2\/pages\/1672\/revisions"}],"predecessor-version":[{"id":15564,"href":"https:\/\/tablaolaherreria.com\/en\/wp-json\/wp\/v2\/pages\/1672\/revisions\/15564"}],"wp:featuredmedia":[{"embeddable":true,"href":"https:\/\/tablaolaherreria.com\/en\/wp-json\/wp\/v2\/media\/1161"}],"wp:attachment":[{"href":"https:\/\/tablaolaherreria.com\/en\/wp-json\/wp\/v2\/media?parent=1672"}],"curies":[{"name":"wp","href":"https:\/\/api.w.org\/{rel}","templated":true}]}}