{"id":1809,"date":"2017-02-16T11:40:55","date_gmt":"2017-02-16T11:40:55","guid":{"rendered":"https:\/\/tablaolaherreria.com\/en\/?page_id=1809"},"modified":"2017-05-23T10:16:24","modified_gmt":"2017-05-23T10:16:24","slug":"videos-la-herreria-2","status":"publish","type":"page","link":"https:\/\/tablaolaherreria.com\/en\/videos-la-herreria-2\/","title":{"rendered":"Videos la herreria"},"content":{"rendered":"<p>[vc_row][vc_column width=&#8221;1\/2&#8243;]<div class=\"video-embed  wpb_content_element\"><iframe title=\"Compa\u00f1\u00eda La Herrer\u00eda\" width=\"1161\" height=\"653\" src=\"https:\/\/www.youtube.com\/embed\/vRaMnAfRk-0?feature=oembed\" frameborder=\"0\" allow=\"accelerometer; autoplay; clipboard-write; encrypted-media; gyroscope; picture-in-picture; web-share\" referrerpolicy=\"strict-origin-when-cross-origin\" allowfullscreen><\/iframe><\/div>[\/vc_column][vc_column width=&#8221;1\/2&#8243;]<div class=\"video-embed  wpb_content_element\"><iframe title=\"Marina Bautista\" width=\"1161\" height=\"653\" src=\"https:\/\/www.youtube.com\/embed\/yxFNW88qDVQ?feature=oembed\" frameborder=\"0\" allow=\"accelerometer; autoplay; clipboard-write; encrypted-media; gyroscope; picture-in-picture; web-share\" referrerpolicy=\"strict-origin-when-cross-origin\" allowfullscreen><\/iframe><\/div>[\/vc_column][\/vc_row][vc_row][vc_column width=&#8221;1\/1&#8243;]<div class=\"spacer\" style=\"height: 40px;\"><\/div>[\/vc_column][\/vc_row][vc_row][vc_column width=&#8221;1\/2&#8243;]<div class=\"video-embed  wpb_content_element\"><iframe title=\"Tablao Flamenco La Herrer\u00eda\" width=\"1161\" height=\"653\" src=\"https:\/\/www.youtube.com\/embed\/x9CN5TVAWNI?feature=oembed\" frameborder=\"0\" allow=\"accelerometer; autoplay; clipboard-write; encrypted-media; gyroscope; picture-in-picture; web-share\" referrerpolicy=\"strict-origin-when-cross-origin\" allowfullscreen><\/iframe><\/div>[\/vc_column][vc_column width=&#8221;1\/2&#8243;]<div class=\"video-embed  wpb_content_element\"><iframe title=\"Tablao Flamenco La Herrer\u00eda\" width=\"1161\" height=\"653\" src=\"https:\/\/www.youtube.com\/embed\/eoy-55mhm_g?feature=oembed\" frameborder=\"0\" allow=\"accelerometer; autoplay; clipboard-write; encrypted-media; gyroscope; picture-in-picture; web-share\" referrerpolicy=\"strict-origin-when-cross-origin\" allowfullscreen><\/iframe><\/div>[\/vc_column][\/vc_row]<\/p>\n","protected":false},"excerpt":{"rendered":"<p>[vc_row][vc_column width=&#8221;1\/2&#8243;][\/vc_column][vc_column width=&#8221;1\/2&#8243;][\/vc_column][\/vc_row][vc_row][vc_column width=&#8221;1\/1&#8243;][\/vc_column][\/vc_row][vc_row][vc_column width=&#8221;1\/2&#8243;][\/vc_column][vc_column width=&#8221;1\/2&#8243;][\/vc_column][\/vc_row]<\/p>\n","protected":false},"author":158,"featured_media":1159,"parent":0,"menu_order":0,"comment_status":"closed","ping_status":"closed","template":"","meta":[],"yoast_head":"<!-- This site is optimized with the Yoast SEO plugin v18.2 - https:\/\/yoast.com\/wordpress\/plugins\/seo\/ -->\n<meta name=\"robots\" content=\"index, follow, max-snippet:-1, max-image-preview:large, max-video-preview:-1\" \/>\n<link rel=\"canonical\" href=\"https:\/\/tablaolaherreria.com\/en\/videos-la-herreria-2\/\" \/>\n<meta property=\"og:locale\" content=\"en_US\" \/>\n<meta property=\"og:type\" content=\"article\" \/>\n<meta property=\"og:title\" content=\"Videos la herreria - La Herrer\u00eda Tablao flamenco\" \/>\n<meta property=\"og:description\" content=\"[vc_row][vc_column width=&#8221;1\/2&#8243;][\/vc_column][vc_column width=&#8221;1\/2&#8243;][\/vc_column][\/vc_row][vc_row][vc_column width=&#8221;1\/1&#8243;][\/vc_column][\/vc_row][vc_row][vc_column width=&#8221;1\/2&#8243;][\/vc_column][vc_column width=&#8221;1\/2&#8243;][\/vc_column][\/vc_row]\" \/>\n<meta property=\"og:url\" content=\"https:\/\/tablaolaherreria.com\/en\/videos-la-herreria-2\/\" \/>\n<meta property=\"og:site_name\" content=\"La Herrer\u00eda Tablao flamenco\" \/>\n<meta property=\"article:modified_time\" content=\"2017-05-23T10:16:24+00:00\" \/>\n<meta property=\"og:image\" content=\"https:\/\/tablaolaherreria.com\/wp-content\/uploads\/2016\/09\/K9A3389.jpg\" \/>\n\t<meta property=\"og:image:width\" content=\"1920\" \/>\n\t<meta property=\"og:image:height\" content=\"1280\" \/>\n\t<meta property=\"og:image:type\" content=\"image\/jpeg\" \/>\n<meta name=\"twitter:card\" content=\"summary\" \/>\n<script type=\"application\/ld+json\" class=\"yoast-schema-graph\">{\"@context\":\"https:\/\/schema.org\",\"@graph\":[{\"@type\":\"Organization\",\"@id\":\"https:\/\/tablaolaherreria.com\/#organization\",\"name\":\"La Herrer\u00eda\",\"url\":\"https:\/\/tablaolaherreria.com\/\",\"sameAs\":[],\"logo\":{\"@type\":\"ImageObject\",\"@id\":\"https:\/\/tablaolaherreria.com\/#logo\",\"inLanguage\":\"en-US\",\"url\":\"https:\/\/tablaolaherreria.com\/wp-content\/uploads\/2016\/06\/Logo-copy-1.png\",\"contentUrl\":\"https:\/\/tablaolaherreria.com\/wp-content\/uploads\/2016\/06\/Logo-copy-1.png\",\"width\":800,\"height\":272,\"caption\":\"La Herrer\u00eda\"},\"image\":{\"@id\":\"https:\/\/tablaolaherreria.com\/#logo\"}},{\"@type\":\"WebSite\",\"@id\":\"https:\/\/tablaolaherreria.com\/#website\",\"url\":\"https:\/\/tablaolaherreria.com\/\",\"name\":\"La Herrer\u00eda Tablao flamenco\",\"description\":\"Tablao Flamenco Tarragona\",\"publisher\":{\"@id\":\"https:\/\/tablaolaherreria.com\/#organization\"},\"potentialAction\":[{\"@type\":\"SearchAction\",\"target\":{\"@type\":\"EntryPoint\",\"urlTemplate\":\"https:\/\/tablaolaherreria.com\/?s={search_term_string}\"},\"query-input\":\"required name=search_term_string\"}],\"inLanguage\":\"en-US\"},{\"@type\":\"ImageObject\",\"@id\":\"https:\/\/tablaolaherreria.com\/en\/videos-la-herreria-2\/#primaryimage\",\"inLanguage\":\"en-US\",\"url\":\"https:\/\/tablaolaherreria.com\/wp-content\/uploads\/2016\/09\/K9A3389.jpg\",\"contentUrl\":\"https:\/\/tablaolaherreria.com\/wp-content\/uploads\/2016\/09\/K9A3389.jpg\",\"width\":1920,\"height\":1280},{\"@type\":\"WebPage\",\"@id\":\"https:\/\/tablaolaherreria.com\/en\/videos-la-herreria-2\/#webpage\",\"url\":\"https:\/\/tablaolaherreria.com\/en\/videos-la-herreria-2\/\",\"name\":\"Videos la herreria - La Herrer\u00eda Tablao flamenco\",\"isPartOf\":{\"@id\":\"https:\/\/tablaolaherreria.com\/#website\"},\"primaryImageOfPage\":{\"@id\":\"https:\/\/tablaolaherreria.com\/en\/videos-la-herreria-2\/#primaryimage\"},\"datePublished\":\"2017-02-16T11:40:55+00:00\",\"dateModified\":\"2017-05-23T10:16:24+00:00\",\"breadcrumb\":{\"@id\":\"https:\/\/tablaolaherreria.com\/en\/videos-la-herreria-2\/#breadcrumb\"},\"inLanguage\":\"en-US\",\"potentialAction\":[{\"@type\":\"ReadAction\",\"target\":[\"https:\/\/tablaolaherreria.com\/en\/videos-la-herreria-2\/\"]}]},{\"@type\":\"BreadcrumbList\",\"@id\":\"https:\/\/tablaolaherreria.com\/en\/videos-la-herreria-2\/#breadcrumb\",\"itemListElement\":[{\"@type\":\"ListItem\",\"position\":1,\"name\":\"Portada\",\"item\":\"https:\/\/tablaolaherreria.com\/en\/\"},{\"@type\":\"ListItem\",\"position\":2,\"name\":\"Videos la herreria\"}]}]}<\/script>\n<!-- \/ Yoast SEO plugin. -->","yoast_head_json":{"robots":{"index":"index","follow":"follow","max-snippet":"max-snippet:-1","max-image-preview":"max-image-preview:large","max-video-preview":"max-video-preview:-1"},"canonical":"https:\/\/tablaolaherreria.com\/en\/videos-la-herreria-2\/","og_locale":"en_US","og_type":"article","og_title":"Videos la herreria - La Herrer\u00eda Tablao flamenco","og_description":"[vc_row][vc_column width=&#8221;1\/2&#8243;][\/vc_column][vc_column width=&#8221;1\/2&#8243;][\/vc_column][\/vc_row][vc_row][vc_column width=&#8221;1\/1&#8243;][\/vc_column][\/vc_row][vc_row][vc_column width=&#8221;1\/2&#8243;][\/vc_column][vc_column width=&#8221;1\/2&#8243;][\/vc_column][\/vc_row]","og_url":"https:\/\/tablaolaherreria.com\/en\/videos-la-herreria-2\/","og_site_name":"La Herrer\u00eda Tablao flamenco","article_modified_time":"2017-05-23T10:16:24+00:00","og_image":[{"width":1920,"height":1280,"url":"https:\/\/tablaolaherreria.com\/wp-content\/uploads\/2016\/09\/K9A3389.jpg","type":"image\/jpeg"}],"twitter_card":"summary","schema":{"@context":"https:\/\/schema.org","@graph":[{"@type":"Organization","@id":"https:\/\/tablaolaherreria.com\/#organization","name":"La Herrer\u00eda","url":"https:\/\/tablaolaherreria.com\/","sameAs":[],"logo":{"@type":"ImageObject","@id":"https:\/\/tablaolaherreria.com\/#logo","inLanguage":"en-US","url":"https:\/\/tablaolaherreria.com\/wp-content\/uploads\/2016\/06\/Logo-copy-1.png","contentUrl":"https:\/\/tablaolaherreria.com\/wp-content\/uploads\/2016\/06\/Logo-copy-1.png","width":800,"height":272,"caption":"La Herrer\u00eda"},"image":{"@id":"https:\/\/tablaolaherreria.com\/#logo"}},{"@type":"WebSite","@id":"https:\/\/tablaolaherreria.com\/#website","url":"https:\/\/tablaolaherreria.com\/","name":"La Herrer\u00eda Tablao flamenco","description":"Tablao Flamenco Tarragona","publisher":{"@id":"https:\/\/tablaolaherreria.com\/#organization"},"potentialAction":[{"@type":"SearchAction","target":{"@type":"EntryPoint","urlTemplate":"https:\/\/tablaolaherreria.com\/?s={search_term_string}"},"query-input":"required name=search_term_string"}],"inLanguage":"en-US"},{"@type":"ImageObject","@id":"https:\/\/tablaolaherreria.com\/en\/videos-la-herreria-2\/#primaryimage","inLanguage":"en-US","url":"https:\/\/tablaolaherreria.com\/wp-content\/uploads\/2016\/09\/K9A3389.jpg","contentUrl":"https:\/\/tablaolaherreria.com\/wp-content\/uploads\/2016\/09\/K9A3389.jpg","width":1920,"height":1280},{"@type":"WebPage","@id":"https:\/\/tablaolaherreria.com\/en\/videos-la-herreria-2\/#webpage","url":"https:\/\/tablaolaherreria.com\/en\/videos-la-herreria-2\/","name":"Videos la herreria - La Herrer\u00eda Tablao flamenco","isPartOf":{"@id":"https:\/\/tablaolaherreria.com\/#website"},"primaryImageOfPage":{"@id":"https:\/\/tablaolaherreria.com\/en\/videos-la-herreria-2\/#primaryimage"},"datePublished":"2017-02-16T11:40:55+00:00","dateModified":"2017-05-23T10:16:24+00:00","breadcrumb":{"@id":"https:\/\/tablaolaherreria.com\/en\/videos-la-herreria-2\/#breadcrumb"},"inLanguage":"en-US","potentialAction":[{"@type":"ReadAction","target":["https:\/\/tablaolaherreria.com\/en\/videos-la-herreria-2\/"]}]},{"@type":"BreadcrumbList","@id":"https:\/\/tablaolaherreria.com\/en\/videos-la-herreria-2\/#breadcrumb","itemListElement":[{"@type":"ListItem","position":1,"name":"Portada","item":"https:\/\/tablaolaherreria.com\/en\/"},{"@type":"ListItem","position":2,"name":"Videos la herreria"}]}]}},"_links":{"self":[{"href":"https:\/\/tablaolaherreria.com\/en\/wp-json\/wp\/v2\/pages\/1809"}],"collection":[{"href":"https:\/\/tablaolaherreria.com\/en\/wp-json\/wp\/v2\/pages"}],"about":[{"href":"https:\/\/tablaolaherreria.com\/en\/wp-json\/wp\/v2\/types\/page"}],"author":[{"embeddable":true,"href":"https:\/\/tablaolaherreria.com\/en\/wp-json\/wp\/v2\/users\/158"}],"replies":[{"embeddable":true,"href":"https:\/\/tablaolaherreria.com\/en\/wp-json\/wp\/v2\/comments?post=1809"}],"version-history":[{"count":7,"href":"https:\/\/tablaolaherreria.com\/en\/wp-json\/wp\/v2\/pages\/1809\/revisions"}],"predecessor-version":[{"id":15683,"href":"https:\/\/tablaolaherreria.com\/en\/wp-json\/wp\/v2\/pages\/1809\/revisions\/15683"}],"wp:featuredmedia":[{"embeddable":true,"href":"https:\/\/tablaolaherreria.com\/en\/wp-json\/wp\/v2\/media\/1159"}],"wp:attachment":[{"href":"https:\/\/tablaolaherreria.com\/en\/wp-json\/wp\/v2\/media?parent=1809"}],"curies":[{"name":"wp","href":"https:\/\/api.w.org\/{rel}","templated":true}]}}